{"id":1001,"date":"2026-01-22T14:47:28","date_gmt":"2026-01-22T14:47:28","guid":{"rendered":"https:\/\/nimbis.si\/?page_id=1001"},"modified":"2026-01-27T09:00:42","modified_gmt":"2026-01-27T09:00:42","slug":"sistemske-integracije","status":"publish","type":"page","link":"https:\/\/nimbis.si\/en\/sistemske-integracije\/","title":{"rendered":"System integrations"},"content":{"rendered":"\n[et_pb_section fb_built=&#8221;1&#8243; _builder_version=&#8221;4.27.5&#8243; _module_preset=&#8221;default&#8221; use_background_color_gradient=&#8221;on&#8221; background_color_gradient_type=&#8221;conic&#8221; background_color_gradient_direction=&#8221;45deg&#8221; background_color_gradient_stops=&#8221;#222f3a 0%|#293540 12%|#344554 25%|#293540 37%|#222f3a 50%|#293540 62%|#344554 75%|#293540 87%|#222f3a 100%&#8221; positioning=&#8221;none&#8221; custom_margin=&#8221;||||false|false&#8221; locked=&#8221;off&#8221; global_colors_info=&#8221;{}&#8221;][et_pb_row _builder_version=&#8221;4.27.5&#8243; _module_preset=&#8221;default&#8221; locked=&#8221;off&#8221; global_colors_info=&#8221;{}&#8221;][et_pb_column type=&#8221;4_4&#8243; _builder_version=&#8221;4.27.5&#8243; _module_preset=&#8221;default&#8221; global_colors_info=&#8221;{}&#8221;][et_pb_text _builder_version=&#8221;4.27.5&#8243; _module_preset=&#8221;default&#8221; text_font=&#8221;Roboto||||||||&#8221; text_text_color=&#8221;#afc1d0&#8243; text_font_size=&#8221;1.4em&#8221; header_font=&#8221;|700|||||||&#8221; header_text_align=&#8221;center&#8221; header_text_color=&#8221;#FFFFFF&#8221; header_font_size=&#8221;3em&#8221; text_orientation=&#8221;center&#8221; width=&#8221;80%&#8221; width_tablet=&#8221;100%&#8221; width_phone=&#8221;100%&#8221; width_last_edited=&#8221;on|phone&#8221; module_alignment=&#8221;center&#8221; hover_enabled=&#8221;0&#8243; text_font_size_tablet=&#8221;1.4em&#8221; text_font_size_phone=&#8221;1em&#8221; text_font_size_last_edited=&#8221;on|phone&#8221; global_colors_info=&#8221;{}&#8221; sticky_enabled=&#8221;0&#8243;]<h1>Sistemske integracije<\/h1>\n<p><span>Moderne infrastrukture, ki rastejo skupaj z va\u0161im podjetjem. Od legacy sistemov do naprednih re\u0161itev v oblaku.<\/span><\/p>[\/et_pb_text][\/et_pb_column][\/et_pb_row][et_pb_row column_structure=&#8221;1_2,1_2&#8243; _builder_version=&#8221;4.27.5&#8243; _module_preset=&#8221;default&#8221; locked=&#8221;off&#8221; global_colors_info=&#8221;{}&#8221;][et_pb_column type=&#8221;1_2&#8243; _builder_version=&#8221;4.27.5&#8243; _module_preset=&#8221;default&#8221; background_color=&#8221;#2c3a47&#8243; custom_padding=&#8221;2em|2em|2em|2em|true|true&#8221; animation_style=&#8221;fold&#8221; animation_duration=&#8221;500ms&#8221; border_radii=&#8221;on|10px|10px|10px|10px&#8221; border_width_all=&#8221;1px&#8221; border_color_all=&#8221;rgba(255,255,255,0.12)&#8221; box_shadow_style=&#8221;preset1&#8243; global_colors_info=&#8221;{}&#8221;][et_pb_code _builder_version=&#8221;4.27.5&#8243; _module_preset=&#8221;default&#8221; background_enable_color=&#8221;off&#8221; width=&#8221;5.5em&#8221; module_alignment=&#8221;left&#8221; custom_margin=&#8221;||1em||false|false&#8221; custom_padding=&#8221;||||true|true&#8221; custom_css_free_form=&#8221;.w-12 {||width: 3rem;||height: 3rem;||}||selector {||  color: #00B6ED;||}&#8221; border_color_all=&#8221;rgba(0,182,237,0.4)&#8221; locked=&#8221;off&#8221; global_colors_info=&#8221;{}&#8221;]<svg xmlns=\"http:\/\/www.w3.org\/2000\/svg\" width=\"24\" height=\"24\" viewBox=\"0 0 24 24\" fill=\"none\" stroke=\"currentColor\" stroke-width=\"2\" stroke-linecap=\"round\" stroke-linejoin=\"round\" class=\"lucide lucide-cloud h-12 w-12 text-primary mb-4\"><path d=\"M17.5 19H9a7 7 0 1 1 6.71-9h1.79a4.5 4.5 0 1 1 0 9Z\"><\/path><\/svg>[\/et_pb_code][et_pb_text _builder_version=&#8221;4.27.5&#8243; _module_preset=&#8221;default&#8221; text_font=&#8221;Roboto||||||||&#8221; text_text_color=&#8221;#afc1d0&#8243; text_font_size=&#8221;1em&#8221; header_font=&#8221;|700|||||||&#8221; header_text_align=&#8221;center&#8221; header_text_color=&#8221;#FFFFFF&#8221; header_font_size=&#8221;3em&#8221; header_3_font=&#8221;Roboto|700|||||||&#8221; header_3_text_align=&#8221;center&#8221; header_3_text_color=&#8221;#FFFFFF&#8221; header_3_font_size=&#8221;1.8em&#8221; text_orientation=&#8221;center&#8221; width_tablet=&#8221;80%&#8221; width_phone=&#8221;80%&#8221; width_last_edited=&#8221;on|phone&#8221; module_alignment=&#8221;center&#8221; custom_margin=&#8221;||0.5em||false|false&#8221; text_font_size_tablet=&#8221;1.4em&#8221; text_font_size_phone=&#8221;1em&#8221; text_font_size_last_edited=&#8221;on|phone&#8221; global_colors_info=&#8221;{}&#8221;]<h3 class=\"text-2xl font-semibold mb-3\" style=\"text-align: left;\">Hibridni oblak<\/h3>[\/et_pb_text][et_pb_text _builder_version=&#8221;4.27.5&#8243; _module_preset=&#8221;default&#8221; text_font=&#8221;Roboto||||||||&#8221; text_text_color=&#8221;#afc1d0&#8243; text_font_size=&#8221;1em&#8221; header_font=&#8221;|700|||||||&#8221; header_text_align=&#8221;center&#8221; header_text_color=&#8221;#FFFFFF&#8221; header_font_size=&#8221;3em&#8221; header_3_font=&#8221;Roboto|700|||||||&#8221; header_3_text_align=&#8221;center&#8221; header_3_text_color=&#8221;#FFFFFF&#8221; header_3_font_size=&#8221;2em&#8221; text_orientation=&#8221;center&#8221; width_tablet=&#8221;80%&#8221; width_phone=&#8221;80%&#8221; width_last_edited=&#8221;on|phone&#8221; module_alignment=&#8221;center&#8221; custom_padding=&#8221;||||false|false&#8221; text_font_size_tablet=&#8221;1.4em&#8221; text_font_size_phone=&#8221;1em&#8221; text_font_size_last_edited=&#8221;on|phone&#8221; global_colors_info=&#8221;{}&#8221;]<p style=\"text-align: left;\"><span>Arhitekture, ki zdru\u017eujejo on-premise in cloud (Azure, AWS) za optimalno zmogljivost.<\/span><\/p>[\/et_pb_text][\/et_pb_column][et_pb_column type=&#8221;1_2&#8243; _builder_version=&#8221;4.27.5&#8243; _module_preset=&#8221;default&#8221; background_color=&#8221;#2c3a47&#8243; custom_padding=&#8221;2em|2em|2em|2em|true|true&#8221; animation_style=&#8221;fold&#8221; animation_duration=&#8221;500ms&#8221; animation_delay=&#8221;200ms&#8221; border_radii=&#8221;on|10px|10px|10px|10px&#8221; border_width_all=&#8221;1px&#8221; border_color_all=&#8221;rgba(255,255,255,0.12)&#8221; box_shadow_style=&#8221;preset1&#8243; global_colors_info=&#8221;{}&#8221;][et_pb_code _builder_version=&#8221;4.27.5&#8243; _module_preset=&#8221;default&#8221; background_enable_color=&#8221;off&#8221; width=&#8221;5.5em&#8221; module_alignment=&#8221;left&#8221; custom_margin=&#8221;||1em||false|false&#8221; custom_padding=&#8221;||||true|true&#8221; custom_css_free_form=&#8221;.w-12 {||width: 3rem;||height: 3rem;||}||selector {||  color: #00B6ED;||}&#8221; border_color_all=&#8221;rgba(0,182,237,0.4)&#8221; locked=&#8221;off&#8221; global_colors_info=&#8221;{}&#8221;]<svg xmlns=\"http:\/\/www.w3.org\/2000\/svg\" width=\"24\" height=\"24\" viewBox=\"0 0 24 24\" fill=\"none\" stroke=\"currentColor\" stroke-width=\"2\" stroke-linecap=\"round\" stroke-linejoin=\"round\" class=\"lucide lucide-container h-12 w-12 text-primary mb-4\"><path d=\"M22 7.7c0-.6-.4-1.2-.8-1.5l-6.3-3.9a1.72 1.72 0 0 0-1.7 0l-10.3 6c-.5.2-.9.8-.9 1.4v6.6c0 .5.4 1.2.8 1.5l6.3 3.9a1.72 1.72 0 0 0 1.7 0l10.3-6c.5-.3.9-1 .9-1.5Z\"><\/path><path d=\"M10 21.9V14L2.1 9.1\"><\/path><path d=\"m10 14 11.9-6.9\"><\/path><path d=\"M14 19.8v-8.1\"><\/path><path d=\"M18 17.5V9.4\"><\/path><\/svg>[\/et_pb_code][et_pb_text _builder_version=&#8221;4.27.5&#8243; _module_preset=&#8221;default&#8221; text_font=&#8221;Roboto||||||||&#8221; text_text_color=&#8221;#afc1d0&#8243; text_font_size=&#8221;1em&#8221; header_font=&#8221;|700|||||||&#8221; header_text_align=&#8221;center&#8221; header_text_color=&#8221;#FFFFFF&#8221; header_font_size=&#8221;3em&#8221; header_3_font=&#8221;Roboto|700|||||||&#8221; header_3_text_align=&#8221;center&#8221; header_3_text_color=&#8221;#FFFFFF&#8221; header_3_font_size=&#8221;1.8em&#8221; text_orientation=&#8221;center&#8221; width_tablet=&#8221;80%&#8221; width_phone=&#8221;80%&#8221; width_last_edited=&#8221;on|phone&#8221; module_alignment=&#8221;center&#8221; custom_margin=&#8221;||0.5em||false|false&#8221; text_font_size_tablet=&#8221;1.4em&#8221; text_font_size_phone=&#8221;1em&#8221; text_font_size_last_edited=&#8221;on|phone&#8221; global_colors_info=&#8221;{}&#8221;]<h3 class=\"text-2xl font-semibold mb-3\" style=\"text-align: left;\">Kontejnerizacija<\/h3>[\/et_pb_text][et_pb_text _builder_version=&#8221;4.27.5&#8243; _module_preset=&#8221;default&#8221; text_font=&#8221;Roboto||||||||&#8221; text_text_color=&#8221;#afc1d0&#8243; text_font_size=&#8221;1em&#8221; header_font=&#8221;|700|||||||&#8221; header_text_align=&#8221;center&#8221; header_text_color=&#8221;#FFFFFF&#8221; header_font_size=&#8221;3em&#8221; header_3_font=&#8221;Roboto|700|||||||&#8221; header_3_text_align=&#8221;center&#8221; header_3_text_color=&#8221;#FFFFFF&#8221; header_3_font_size=&#8221;2em&#8221; text_orientation=&#8221;center&#8221; width_tablet=&#8221;80%&#8221; width_phone=&#8221;80%&#8221; width_last_edited=&#8221;on|phone&#8221; module_alignment=&#8221;center&#8221; custom_padding=&#8221;||||false|false&#8221; text_font_size_tablet=&#8221;1.4em&#8221; text_font_size_phone=&#8221;1em&#8221; text_font_size_last_edited=&#8221;on|phone&#8221; global_colors_info=&#8221;{}&#8221;]<div>\n<div class=\"rounded-lg border text-card-foreground shadow-sm h-full border-border\/50 bg-card\/50 backdrop-blur hover:border-primary\/30 transition-colors\">\n<div class=\"p-8\">\n<p class=\"text-muted-foreground\" style=\"text-align: left;\">Kubernetes, Docker Swarm in orkestracijski sistemi za skalabilnost in zmogljivost.<\/p>\n<\/div>\n<\/div>\n<\/div>\n<div>\n<div class=\"rounded-lg border text-card-foreground shadow-sm h-full border-border\/50 bg-card\/50 backdrop-blur hover:border-primary\/30 transition-colors\">\n<div class=\"p-8\"><\/div>\n<\/div>\n<\/div>[\/et_pb_text][\/et_pb_column][\/et_pb_row][et_pb_row column_structure=&#8221;1_2,1_2&#8243; _builder_version=&#8221;4.27.5&#8243; _module_preset=&#8221;default&#8221; custom_padding=&#8221;||5em||false|false&#8221; locked=&#8221;off&#8221; global_colors_info=&#8221;{}&#8221;][et_pb_column type=&#8221;1_2&#8243; _builder_version=&#8221;4.27.5&#8243; _module_preset=&#8221;default&#8221; background_color=&#8221;#2c3a47&#8243; custom_padding=&#8221;2em|2em|2em|2em|true|true&#8221; animation_style=&#8221;fold&#8221; animation_duration=&#8221;500ms&#8221; animation_delay=&#8221;400ms&#8221; border_radii=&#8221;on|10px|10px|10px|10px&#8221; border_width_all=&#8221;1px&#8221; border_color_all=&#8221;rgba(255,255,255,0.12)&#8221; box_shadow_style=&#8221;preset1&#8243; global_colors_info=&#8221;{}&#8221;][et_pb_code _builder_version=&#8221;4.27.5&#8243; _module_preset=&#8221;default&#8221; background_enable_color=&#8221;off&#8221; width=&#8221;5.5em&#8221; module_alignment=&#8221;left&#8221; custom_margin=&#8221;||1em||false|false&#8221; custom_padding=&#8221;||||true|true&#8221; custom_css_free_form=&#8221;.w-12 {||width: 3rem;||height: 3rem;||}||selector {||  color: #00B6ED;||}&#8221; border_color_all=&#8221;rgba(0,182,237,0.4)&#8221; locked=&#8221;off&#8221; global_colors_info=&#8221;{}&#8221;]<svg xmlns=\"http:\/\/www.w3.org\/2000\/svg\" width=\"24\" height=\"24\" viewBox=\"0 0 24 24\" fill=\"none\" stroke=\"currentColor\" stroke-width=\"2\" stroke-linecap=\"round\" stroke-linejoin=\"round\" class=\"lucide lucide-server h-12 w-12 text-primary mb-4\"><rect width=\"20\" height=\"8\" x=\"2\" y=\"2\" rx=\"2\" ry=\"2\"><\/rect><rect width=\"20\" height=\"8\" x=\"2\" y=\"14\" rx=\"2\" ry=\"2\"><\/rect><line x1=\"6\" x2=\"6.01\" y1=\"6\" y2=\"6\"><\/line><line x1=\"6\" x2=\"6.01\" y1=\"18\" y2=\"18\"><\/line><\/svg>[\/et_pb_code][et_pb_text _builder_version=&#8221;4.27.5&#8243; _module_preset=&#8221;default&#8221; text_font=&#8221;Roboto||||||||&#8221; text_text_color=&#8221;#afc1d0&#8243; text_font_size=&#8221;1em&#8221; header_font=&#8221;|700|||||||&#8221; header_text_align=&#8221;center&#8221; header_text_color=&#8221;#FFFFFF&#8221; header_font_size=&#8221;3em&#8221; header_3_font=&#8221;Roboto|700|||||||&#8221; header_3_text_align=&#8221;center&#8221; header_3_text_color=&#8221;#FFFFFF&#8221; header_3_font_size=&#8221;1.8em&#8221; text_orientation=&#8221;center&#8221; width_tablet=&#8221;80%&#8221; width_phone=&#8221;80%&#8221; width_last_edited=&#8221;on|phone&#8221; module_alignment=&#8221;center&#8221; custom_margin=&#8221;||0.5em||false|false&#8221; text_font_size_tablet=&#8221;1.4em&#8221; text_font_size_phone=&#8221;1em&#8221; text_font_size_last_edited=&#8221;on|phone&#8221; global_colors_info=&#8221;{}&#8221;]<h3 class=\"text-2xl font-semibold mb-3\" style=\"text-align: left;\">Virtualizacija<\/h3>[\/et_pb_text][et_pb_text _builder_version=&#8221;4.27.5&#8243; _module_preset=&#8221;default&#8221; text_font=&#8221;Roboto||||||||&#8221; text_text_color=&#8221;#afc1d0&#8243; text_font_size=&#8221;1em&#8221; header_font=&#8221;|700|||||||&#8221; header_text_align=&#8221;center&#8221; header_text_color=&#8221;#FFFFFF&#8221; header_font_size=&#8221;3em&#8221; header_3_font=&#8221;Roboto|700|||||||&#8221; header_3_text_align=&#8221;center&#8221; header_3_text_color=&#8221;#FFFFFF&#8221; header_3_font_size=&#8221;2em&#8221; text_orientation=&#8221;center&#8221; width_tablet=&#8221;80%&#8221; width_phone=&#8221;80%&#8221; width_last_edited=&#8221;on|phone&#8221; module_alignment=&#8221;center&#8221; custom_padding=&#8221;||||false|false&#8221; text_font_size_tablet=&#8221;1.4em&#8221; text_font_size_phone=&#8221;1em&#8221; text_font_size_last_edited=&#8221;on|phone&#8221; global_colors_info=&#8221;{}&#8221;]<div>\n<div class=\"rounded-lg border text-card-foreground shadow-sm h-full border-border\/50 bg-card\/50 backdrop-blur hover:border-primary\/30 transition-colors\">\n<div class=\"p-8\">\n<p class=\"text-muted-foreground\" style=\"text-align: left;\">KVM, Proxmox, Hyper-V in upravljanje virtualnih okolij.<\/p>\n<\/div>\n<\/div>\n<\/div>[\/et_pb_text][\/et_pb_column][et_pb_column type=&#8221;1_2&#8243; _builder_version=&#8221;4.27.5&#8243; _module_preset=&#8221;default&#8221; background_color=&#8221;#2c3a47&#8243; custom_padding=&#8221;2em|2em|2em|2em|true|true&#8221; animation_style=&#8221;fold&#8221; animation_duration=&#8221;500ms&#8221; animation_delay=&#8221;600ms&#8221; border_radii=&#8221;on|10px|10px|10px|10px&#8221; border_width_all=&#8221;1px&#8221; border_color_all=&#8221;rgba(255,255,255,0.12)&#8221; box_shadow_style=&#8221;preset1&#8243; global_colors_info=&#8221;{}&#8221;][et_pb_code _builder_version=&#8221;4.27.5&#8243; _module_preset=&#8221;default&#8221; background_enable_color=&#8221;off&#8221; width=&#8221;5.5em&#8221; module_alignment=&#8221;left&#8221; custom_margin=&#8221;||1em||false|false&#8221; custom_padding=&#8221;||||true|true&#8221; custom_css_free_form=&#8221;.w-12 {||width: 3rem;||height: 3rem;||}||selector {||  color: #00B6ED;||}&#8221; border_color_all=&#8221;rgba(0,182,237,0.4)&#8221; locked=&#8221;off&#8221; global_colors_info=&#8221;{}&#8221;]<svg xmlns=\"http:\/\/www.w3.org\/2000\/svg\" width=\"24\" height=\"24\" viewBox=\"0 0 24 24\" fill=\"none\" stroke=\"currentColor\" stroke-width=\"2\" stroke-linecap=\"round\" stroke-linejoin=\"round\" class=\"lucide lucide-zap h-12 w-12 text-primary mb-4\"><path d=\"M4 14a1 1 0 0 1-.78-1.63l9.9-10.2a.5.5 0 0 1 .86.46l-1.92 6.02A1 1 0 0 0 13 10h7a1 1 0 0 1 .78 1.63l-9.9 10.2a.5.5 0 0 1-.86-.46l1.92-6.02A1 1 0 0 0 11 14z\"><\/path><\/svg>[\/et_pb_code][et_pb_text _builder_version=&#8221;4.27.5&#8243; _module_preset=&#8221;default&#8221; text_font=&#8221;Roboto||||||||&#8221; text_text_color=&#8221;#afc1d0&#8243; text_font_size=&#8221;1em&#8221; header_font=&#8221;|700|||||||&#8221; header_text_align=&#8221;center&#8221; header_text_color=&#8221;#FFFFFF&#8221; header_font_size=&#8221;3em&#8221; header_3_font=&#8221;Roboto|700|||||||&#8221; header_3_text_align=&#8221;center&#8221; header_3_text_color=&#8221;#FFFFFF&#8221; header_3_font_size=&#8221;1.8em&#8221; text_orientation=&#8221;center&#8221; width_tablet=&#8221;80%&#8221; width_phone=&#8221;80%&#8221; width_last_edited=&#8221;on|phone&#8221; module_alignment=&#8221;center&#8221; custom_margin=&#8221;||0.5em||false|false&#8221; text_font_size_tablet=&#8221;1.4em&#8221; text_font_size_phone=&#8221;1em&#8221; text_font_size_last_edited=&#8221;on|phone&#8221; global_colors_info=&#8221;{}&#8221;]<h3 class=\"text-2xl font-semibold mb-3\" style=\"text-align: left;\">Migracije brez prekinitev<\/h3>[\/et_pb_text][et_pb_text _builder_version=&#8221;4.27.5&#8243; _module_preset=&#8221;default&#8221; text_font=&#8221;Roboto||||||||&#8221; text_text_color=&#8221;#afc1d0&#8243; text_font_size=&#8221;1em&#8221; header_font=&#8221;|700|||||||&#8221; header_text_align=&#8221;center&#8221; header_text_color=&#8221;#FFFFFF&#8221; header_font_size=&#8221;3em&#8221; header_3_font=&#8221;Roboto|700|||||||&#8221; header_3_text_align=&#8221;center&#8221; header_3_text_color=&#8221;#FFFFFF&#8221; header_3_font_size=&#8221;2em&#8221; text_orientation=&#8221;center&#8221; width_tablet=&#8221;80%&#8221; width_phone=&#8221;80%&#8221; width_last_edited=&#8221;on|phone&#8221; module_alignment=&#8221;center&#8221; custom_padding=&#8221;||||false|false&#8221; text_font_size_tablet=&#8221;1.4em&#8221; text_font_size_phone=&#8221;1em&#8221; text_font_size_last_edited=&#8221;on|phone&#8221; global_colors_info=&#8221;{}&#8221;]<div class=\"grid grid-cols-1 md:grid-cols-2 gap-8 mb-20\">\n<div>\n<div class=\"rounded-lg border text-card-foreground shadow-sm h-full border-border\/50 bg-card\/50 backdrop-blur hover:border-primary\/30 transition-colors\">\n<div class=\"p-8\">\n<p class=\"text-muted-foreground\" style=\"text-align: left;\">Varna selitev sistemov brez prekinitev poslovanja.<\/p>\n<\/div>\n<\/div>\n<\/div>\n<\/div>\n<div class=\"bg-secondary\/20 rounded-2xl p-10\"><\/div>[\/et_pb_text][\/et_pb_column][\/et_pb_row][et_pb_row _builder_version=&#8221;4.27.5&#8243; _module_preset=&#8221;default&#8221; animation_style=&#8221;slide&#8221; animation_direction=&#8221;bottom&#8221; animation_delay=&#8221;800ms&#8221; animation_intensity_slide=&#8221;5%&#8221; global_colors_info=&#8221;{}&#8221;][et_pb_column type=&#8221;4_4&#8243; _builder_version=&#8221;4.27.5&#8243; _module_preset=&#8221;default&#8221; global_colors_info=&#8221;{}&#8221;][et_pb_text _builder_version=&#8221;4.27.5&#8243; _module_preset=&#8221;default&#8221; header_2_font=&#8221;Roboto|700|||||||&#8221; header_2_text_align=&#8221;center&#8221; header_2_text_color=&#8221;#FFFFFF&#8221; header_2_font_size=&#8221;2.5em&#8221; global_colors_info=&#8221;{}&#8221;]<h2 class=\"text-3xl font-bold mb-8 text-center\">Na\u0161e storitve integracije<\/h2>[\/et_pb_text][\/et_pb_column][\/et_pb_row][et_pb_row column_structure=&#8221;1_2,1_2&#8243; _builder_version=&#8221;4.27.5&#8243; _module_preset=&#8221;default&#8221; custom_padding=&#8221;||6em||false|false&#8221; animation_style=&#8221;slide&#8221; animation_direction=&#8221;bottom&#8221; animation_delay=&#8221;800ms&#8221; animation_intensity_slide=&#8221;5%&#8221; global_colors_info=&#8221;{}&#8221;][et_pb_column type=&#8221;1_2&#8243; _builder_version=&#8221;4.27.5&#8243; _module_preset=&#8221;default&#8221; global_colors_info=&#8221;{}&#8221;][dsm_icon_list list_space_between=&#8221;0.8em&#8221; _builder_version=&#8221;4.27.5&#8243; _module_preset=&#8221;default&#8221; global_colors_info=&#8221;{}&#8221;][dsm_icon_list_child text=&#8221;Na\u010drtovanje in implementacija hibridnih obla\u010dnih arhitektur&#8221; font_icon=&#8221;&#xf058;||fa||400&#8243; icon_color=&#8221;#00B6ED&#8221; icon_font_size=&#8221;1.1em&#8221; _builder_version=&#8221;4.27.5&#8243; _module_preset=&#8221;default&#8221; text_font=&#8221;Roboto||||||||&#8221; text_text_color=&#8221;#FFFFFF&#8221; text_font_size=&#8221;1.3em&#8221; global_colors_info=&#8221;{}&#8221;][\/dsm_icon_list_child][dsm_icon_list_child text=&#8221;Vzpostavitev in upravljanje Kubernetes cluster-a&#8221; font_icon=&#8221;&#xf058;||fa||400&#8243; icon_color=&#8221;#00B6ED&#8221; icon_font_size=&#8221;1.1em&#8221; _builder_version=&#8221;4.27.5&#8243; _module_preset=&#8221;default&#8221; text_font=&#8221;Roboto||||||||&#8221; text_text_color=&#8221;#FFFFFF&#8221; text_font_size=&#8221;1.3em&#8221; global_colors_info=&#8221;{}&#8221;][\/dsm_icon_list_child][dsm_icon_list_child text=&#8221;Infrastructure as Code (Terraform, Ansible)&#8221; font_icon=&#8221;&#xf058;||fa||400&#8243; icon_color=&#8221;#00B6ED&#8221; icon_font_size=&#8221;1.1em&#8221; _builder_version=&#8221;4.27.5&#8243; _module_preset=&#8221;default&#8221; text_font=&#8221;Roboto||||||||&#8221; text_text_color=&#8221;#FFFFFF&#8221; text_font_size=&#8221;1.3em&#8221; global_colors_info=&#8221;{}&#8221;][\/dsm_icon_list_child][dsm_icon_list_child text=&#8221;High availability (HA) konfiguracije&#8221; font_icon=&#8221;&#xf058;||fa||400&#8243; icon_color=&#8221;#00B6ED&#8221; icon_font_size=&#8221;1.1em&#8221; _builder_version=&#8221;4.27.5&#8243; _module_preset=&#8221;default&#8221; text_font=&#8221;Roboto||||||||&#8221; text_text_color=&#8221;#FFFFFF&#8221; text_font_size=&#8221;1.3em&#8221; global_colors_info=&#8221;{}&#8221;][\/dsm_icon_list_child][\/dsm_icon_list][\/et_pb_column][et_pb_column type=&#8221;1_2&#8243; _builder_version=&#8221;4.27.5&#8243; _module_preset=&#8221;default&#8221; global_colors_info=&#8221;{}&#8221;][dsm_icon_list list_space_between=&#8221;0.8em&#8221; _builder_version=&#8221;4.27.5&#8243; _module_preset=&#8221;default&#8221; global_colors_info=&#8221;{}&#8221;][dsm_icon_list_child text=&#8221;Migracija iz starej\u0161ih sistemov v moderne platforme&#8221; font_icon=&#8221;&#xf058;||fa||400&#8243; icon_color=&#8221;#00B6ED&#8221; icon_font_size=&#8221;1.1em&#8221; _builder_version=&#8221;4.27.5&#8243; _module_preset=&#8221;default&#8221; text_font=&#8221;Roboto||||||||&#8221; text_text_color=&#8221;#FFFFFF&#8221; text_font_size=&#8221;1.3em&#8221; global_colors_info=&#8221;{}&#8221;][\/dsm_icon_list_child][dsm_icon_list_child text=&#8221;KVM in Hyper-V virtualizacija&#8221; font_icon=&#8221;&#xf058;||fa||400&#8243; icon_color=&#8221;#00B6ED&#8221; icon_font_size=&#8221;1.1em&#8221; _builder_version=&#8221;4.27.5&#8243; _module_preset=&#8221;default&#8221; text_font=&#8221;Roboto||||||||&#8221; text_text_color=&#8221;#FFFFFF&#8221; text_font_size=&#8221;1.3em&#8221; global_colors_info=&#8221;{}&#8221;][\/dsm_icon_list_child][dsm_icon_list_child text=&#8221;CI\/CD pipeline implementacija&#8221; font_icon=&#8221;&#xf058;||fa||400&#8243; icon_color=&#8221;#00B6ED&#8221; icon_font_size=&#8221;1.1em&#8221; _builder_version=&#8221;4.27.5&#8243; _module_preset=&#8221;default&#8221; text_font=&#8221;Roboto||||||||&#8221; text_text_color=&#8221;#FFFFFF&#8221; text_font_size=&#8221;1.3em&#8221; global_colors_info=&#8221;{}&#8221;][\/dsm_icon_list_child][dsm_icon_list_child text=&#8221;Na\u010drtovanje in testiranje obnove v primeru incidenta&#8221; font_icon=&#8221;&#xf058;||fa||400&#8243; icon_color=&#8221;#00B6ED&#8221; icon_font_size=&#8221;1.1em&#8221; _builder_version=&#8221;4.27.5&#8243; _module_preset=&#8221;default&#8221; text_font=&#8221;Roboto||||||||&#8221; text_text_color=&#8221;#FFFFFF&#8221; text_font_size=&#8221;1.3em&#8221; global_colors_info=&#8221;{}&#8221;][\/dsm_icon_list_child][\/dsm_icon_list][\/et_pb_column][\/et_pb_row][et_pb_row _builder_version=&#8221;4.27.5&#8243; _module_preset=&#8221;default&#8221; global_colors_info=&#8221;{}&#8221;][et_pb_column type=&#8221;4_4&#8243; _builder_version=&#8221;4.27.5&#8243; _module_preset=&#8221;default&#8221; global_colors_info=&#8221;{}&#8221;][et_pb_button button_url=&#8221;@ET-DC@eyJkeW5hbWljIjp0cnVlLCJjb250ZW50IjoicG9zdF9saW5rX3VybF9wYWdlIiwic2V0dGluZ3MiOnsicG9zdF9pZCI6IjI3MSJ9fQ==@&#8221; button_text=&#8221;Naro\u010dite posvet&#8221; button_alignment=&#8221;center&#8221; _builder_version=&#8221;4.27.5&#8243; _dynamic_attributes=&#8221;button_url&#8221; _module_preset=&#8221;default&#8221; custom_button=&#8221;on&#8221; button_text_size=&#8221;1.3em&#8221; button_text_color=&#8221;#000000&#8243; button_bg_color=&#8221;#00B6ED&#8221; button_border_width=&#8221;0px&#8221; button_border_radius=&#8221;10px&#8221; button_font=&#8221;Roboto||||||||&#8221; button_use_icon=&#8221;off&#8221; custom_padding=&#8221;0.5em|4em|0.5em|4em|true|true&#8221; global_colors_info=&#8221;{}&#8221;][\/et_pb_button][\/et_pb_column][\/et_pb_row][\/et_pb_section]\n","protected":false},"excerpt":{"rendered":"<p>Sistemske integracije Moderne infrastrukture, ki rastejo skupaj z va\u0161im podjetjem. Od legacy sistemov do naprednih re\u0161itev v oblaku.Hibridni oblakArhitekture, ki zdru\u017eujejo on-premise in cloud (Azure, AWS) za optimalno zmogljivost.Kontejnerizacija Kubernetes, Docker Swarm in orkestracijski sistemi za skalabilnost in zmogljivost. Virtualizacija KVM, Proxmox, Hyper-V in upravljanje virtualnih okolij. Migracije brez prekinitev Varna selitev sistemov brez prekinitev [&hellip;]<\/p>\n","protected":false},"author":1,"featured_media":0,"parent":0,"menu_order":0,"comment_status":"closed","ping_status":"closed","template":"","meta":{"_et_pb_use_builder":"on","_et_pb_old_content":"<!-- wp:divi\/placeholder \/-->","_et_gb_content_width":"","inline_featured_image":false,"footnotes":""},"class_list":["post-1001","page","type-page","status-publish","hentry"],"aioseo_notices":[],"_links":{"self":[{"href":"https:\/\/nimbis.si\/en\/wp-json\/wp\/v2\/pages\/1001","targetHints":{"allow":["GET"]}}],"collection":[{"href":"https:\/\/nimbis.si\/en\/wp-json\/wp\/v2\/pages"}],"about":[{"href":"https:\/\/nimbis.si\/en\/wp-json\/wp\/v2\/types\/page"}],"author":[{"embeddable":true,"href":"https:\/\/nimbis.si\/en\/wp-json\/wp\/v2\/users\/1"}],"replies":[{"embeddable":true,"href":"https:\/\/nimbis.si\/en\/wp-json\/wp\/v2\/comments?post=1001"}],"version-history":[{"count":7,"href":"https:\/\/nimbis.si\/en\/wp-json\/wp\/v2\/pages\/1001\/revisions"}],"predecessor-version":[{"id":1181,"href":"https:\/\/nimbis.si\/en\/wp-json\/wp\/v2\/pages\/1001\/revisions\/1181"}],"wp:attachment":[{"href":"https:\/\/nimbis.si\/en\/wp-json\/wp\/v2\/media?parent=1001"}],"curies":[{"name":"wp","href":"https:\/\/api.w.org\/{rel}","templated":true}]}}