{"id":1003,"date":"2026-01-22T14:48:00","date_gmt":"2026-01-22T14:48:00","guid":{"rendered":"https:\/\/nimbis.si\/?page_id=1003"},"modified":"2026-01-27T09:02:57","modified_gmt":"2026-01-27T09:02:57","slug":"informacijska-varnost","status":"publish","type":"page","link":"https:\/\/nimbis.si\/en\/informacijska-varnost\/","title":{"rendered":"Information security"},"content":{"rendered":"\n[et_pb_section fb_built=&#8221;1&#8243; _builder_version=&#8221;4.27.5&#8243; _module_preset=&#8221;default&#8221; use_background_color_gradient=&#8221;on&#8221; background_color_gradient_type=&#8221;conic&#8221; background_color_gradient_direction=&#8221;45deg&#8221; background_color_gradient_stops=&#8221;#222f3a 0%|#293540 12%|#344554 25%|#293540 37%|#222f3a 50%|#293540 62%|#344554 75%|#293540 87%|#222f3a 100%&#8221; positioning=&#8221;none&#8221; custom_margin=&#8221;||||false|false&#8221; locked=&#8221;off&#8221; global_colors_info=&#8221;{}&#8221;][et_pb_row _builder_version=&#8221;4.27.5&#8243; _module_preset=&#8221;default&#8221; locked=&#8221;off&#8221; global_colors_info=&#8221;{}&#8221;][et_pb_column type=&#8221;4_4&#8243; _builder_version=&#8221;4.27.5&#8243; _module_preset=&#8221;default&#8221; global_colors_info=&#8221;{}&#8221;][et_pb_text _builder_version=&#8221;4.27.5&#8243; _module_preset=&#8221;default&#8221; text_font=&#8221;Roboto||||||||&#8221; text_text_color=&#8221;#afc1d0&#8243; text_font_size=&#8221;1.4em&#8221; header_font=&#8221;|700|||||||&#8221; header_text_align=&#8221;center&#8221; header_text_color=&#8221;#FFFFFF&#8221; header_font_size=&#8221;3em&#8221; text_orientation=&#8221;center&#8221; width=&#8221;80%&#8221; width_tablet=&#8221;100%&#8221; width_phone=&#8221;100%&#8221; width_last_edited=&#8221;on|phone&#8221; module_alignment=&#8221;center&#8221; text_font_size_tablet=&#8221;1.4em&#8221; text_font_size_phone=&#8221;1em&#8221; text_font_size_last_edited=&#8221;on|phone&#8221; global_colors_info=&#8221;{}&#8221;]<h1>Informacijska varnost<\/h1>\n<p><span>Celostne varnostne re\u0161itve in pot do ISO 27001 certifikata. Varnost ni stro\u0161ek, je investicija.<\/span><\/p>[\/et_pb_text][\/et_pb_column][\/et_pb_row][et_pb_row column_structure=&#8221;1_2,1_2&#8243; _builder_version=&#8221;4.27.5&#8243; _module_preset=&#8221;default&#8221; locked=&#8221;off&#8221; global_colors_info=&#8221;{}&#8221;][et_pb_column type=&#8221;1_2&#8243; _builder_version=&#8221;4.27.5&#8243; _module_preset=&#8221;default&#8221; background_color=&#8221;#2c3a47&#8243; custom_padding=&#8221;2em|2em|2em|2em|true|true&#8221; animation_style=&#8221;fold&#8221; animation_duration=&#8221;500ms&#8221; border_radii=&#8221;on|10px|10px|10px|10px&#8221; border_width_all=&#8221;1px&#8221; border_color_all=&#8221;rgba(255,255,255,0.12)&#8221; box_shadow_style=&#8221;preset1&#8243; global_colors_info=&#8221;{}&#8221;][et_pb_code _builder_version=&#8221;4.27.5&#8243; _module_preset=&#8221;default&#8221; background_enable_color=&#8221;off&#8221; width=&#8221;5.5em&#8221; module_alignment=&#8221;left&#8221; custom_margin=&#8221;||1em||false|false&#8221; custom_padding=&#8221;||||true|true&#8221; custom_css_free_form=&#8221;.w-12 {||width: 3rem;||height: 3rem;||}||selector {||  color: #00B6ED;||}&#8221; border_color_all=&#8221;rgba(0,182,237,0.4)&#8221; locked=&#8221;off&#8221; global_colors_info=&#8221;{}&#8221;]<svg xmlns=\"http:\/\/www.w3.org\/2000\/svg\" width=\"24\" height=\"24\" viewBox=\"0 0 24 24\" fill=\"none\" stroke=\"currentColor\" stroke-width=\"2\" stroke-linecap=\"round\" stroke-linejoin=\"round\" class=\"lucide lucide-award h-12 w-12 text-primary mb-4\"><path d=\"m15.477 12.89 1.515 8.526a.5.5 0 0 1-.81.47l-3.58-2.687a1 1 0 0 0-1.197 0l-3.586 2.686a.5.5 0 0 1-.81-.469l1.514-8.526\"><\/path><circle cx=\"12\" cy=\"8\" r=\"6\"><\/circle><\/svg>[\/et_pb_code][et_pb_text _builder_version=&#8221;4.27.5&#8243; _module_preset=&#8221;default&#8221; text_font=&#8221;Roboto||||||||&#8221; text_text_color=&#8221;#afc1d0&#8243; text_font_size=&#8221;1em&#8221; header_font=&#8221;|700|||||||&#8221; header_text_align=&#8221;center&#8221; header_text_color=&#8221;#FFFFFF&#8221; header_font_size=&#8221;3em&#8221; header_3_font=&#8221;Roboto|700|||||||&#8221; header_3_text_align=&#8221;center&#8221; header_3_text_color=&#8221;#FFFFFF&#8221; header_3_font_size=&#8221;1.8em&#8221; text_orientation=&#8221;center&#8221; width_tablet=&#8221;80%&#8221; width_phone=&#8221;80%&#8221; width_last_edited=&#8221;on|phone&#8221; module_alignment=&#8221;center&#8221; custom_margin=&#8221;||0.5em||false|false&#8221; text_font_size_tablet=&#8221;1.4em&#8221; text_font_size_phone=&#8221;1em&#8221; text_font_size_last_edited=&#8221;on|phone&#8221; global_colors_info=&#8221;{}&#8221;]<h3 class=\"text-2xl font-semibold mb-3\" style=\"text-align: left;\">ISO 27001 certifikacija<\/h3>[\/et_pb_text][et_pb_text _builder_version=&#8221;4.27.5&#8243; _module_preset=&#8221;default&#8221; text_font=&#8221;Roboto||||||||&#8221; text_text_color=&#8221;#afc1d0&#8243; text_font_size=&#8221;1em&#8221; header_font=&#8221;|700|||||||&#8221; header_text_align=&#8221;center&#8221; header_text_color=&#8221;#FFFFFF&#8221; header_font_size=&#8221;3em&#8221; header_3_font=&#8221;Roboto|700|||||||&#8221; header_3_text_align=&#8221;center&#8221; header_3_text_color=&#8221;#FFFFFF&#8221; header_3_font_size=&#8221;2em&#8221; text_orientation=&#8221;center&#8221; width_tablet=&#8221;80%&#8221; width_phone=&#8221;80%&#8221; width_last_edited=&#8221;on|phone&#8221; module_alignment=&#8221;center&#8221; custom_padding=&#8221;||||false|false&#8221; text_font_size_tablet=&#8221;1.4em&#8221; text_font_size_phone=&#8221;1em&#8221; text_font_size_last_edited=&#8221;on|phone&#8221; global_colors_info=&#8221;{}&#8221;]<p style=\"text-align: left;\"><span>Vodimo vas skozi celoten proces pridobitve certifikata od gap analize do zunanje revizije.<\/span><\/p>[\/et_pb_text][\/et_pb_column][et_pb_column type=&#8221;1_2&#8243; _builder_version=&#8221;4.27.5&#8243; _module_preset=&#8221;default&#8221; background_color=&#8221;#2c3a47&#8243; custom_padding=&#8221;2em|2em|2em|2em|true|true&#8221; animation_style=&#8221;fold&#8221; animation_duration=&#8221;500ms&#8221; animation_delay=&#8221;200ms&#8221; border_radii=&#8221;on|10px|10px|10px|10px&#8221; border_width_all=&#8221;1px&#8221; border_color_all=&#8221;rgba(255,255,255,0.12)&#8221; box_shadow_style=&#8221;preset1&#8243; global_colors_info=&#8221;{}&#8221;][et_pb_code _builder_version=&#8221;4.27.5&#8243; _module_preset=&#8221;default&#8221; background_enable_color=&#8221;off&#8221; width=&#8221;5.5em&#8221; module_alignment=&#8221;left&#8221; custom_margin=&#8221;||1em||false|false&#8221; custom_padding=&#8221;||||true|true&#8221; custom_css_free_form=&#8221;.w-12 {||width: 3rem;||height: 3rem;||}||selector {||  color: #00B6ED;||}&#8221; border_color_all=&#8221;rgba(0,182,237,0.4)&#8221; locked=&#8221;off&#8221; global_colors_info=&#8221;{}&#8221;]<svg xmlns=\"http:\/\/www.w3.org\/2000\/svg\" width=\"24\" height=\"24\" viewBox=\"0 0 24 24\" fill=\"none\" stroke=\"currentColor\" stroke-width=\"2\" stroke-linecap=\"round\" stroke-linejoin=\"round\" class=\"lucide lucide-shield h-12 w-12 text-primary mb-4\"><path d=\"M20 13c0 5-3.5 7.5-7.66 8.95a1 1 0 0 1-.67-.01C7.5 20.5 4 18 4 13V6a1 1 0 0 1 1-1c2 0 4.5-1.2 6.24-2.72a1.17 1.17 0 0 1 1.52 0C14.51 3.81 17 5 19 5a1 1 0 0 1 1 1z\"><\/path><\/svg>[\/et_pb_code][et_pb_text _builder_version=&#8221;4.27.5&#8243; _module_preset=&#8221;default&#8221; text_font=&#8221;Roboto||||||||&#8221; text_text_color=&#8221;#afc1d0&#8243; text_font_size=&#8221;1em&#8221; header_font=&#8221;|700|||||||&#8221; header_text_align=&#8221;center&#8221; header_text_color=&#8221;#FFFFFF&#8221; header_font_size=&#8221;3em&#8221; header_3_font=&#8221;Roboto|700|||||||&#8221; header_3_text_align=&#8221;center&#8221; header_3_text_color=&#8221;#FFFFFF&#8221; header_3_font_size=&#8221;1.8em&#8221; text_orientation=&#8221;center&#8221; width_tablet=&#8221;80%&#8221; width_phone=&#8221;80%&#8221; width_last_edited=&#8221;on|phone&#8221; module_alignment=&#8221;center&#8221; custom_margin=&#8221;||0.5em||false|false&#8221; text_font_size_tablet=&#8221;1.4em&#8221; text_font_size_phone=&#8221;1em&#8221; text_font_size_last_edited=&#8221;on|phone&#8221; global_colors_info=&#8221;{}&#8221;]<h3 class=\"text-2xl font-semibold mb-3\" style=\"text-align: left;\">Upravljano odkrivanje in odzivanje<\/h3>[\/et_pb_text][et_pb_text _builder_version=&#8221;4.27.5&#8243; _module_preset=&#8221;default&#8221; text_font=&#8221;Roboto||||||||&#8221; text_text_color=&#8221;#afc1d0&#8243; text_font_size=&#8221;1em&#8221; header_font=&#8221;|700|||||||&#8221; header_text_align=&#8221;center&#8221; header_text_color=&#8221;#FFFFFF&#8221; header_font_size=&#8221;3em&#8221; header_3_font=&#8221;Roboto|700|||||||&#8221; header_3_text_align=&#8221;center&#8221; header_3_text_color=&#8221;#FFFFFF&#8221; header_3_font_size=&#8221;2em&#8221; text_orientation=&#8221;center&#8221; width_tablet=&#8221;80%&#8221; width_phone=&#8221;80%&#8221; width_last_edited=&#8221;on|phone&#8221; module_alignment=&#8221;center&#8221; custom_padding=&#8221;||||false|false&#8221; text_font_size_tablet=&#8221;1.4em&#8221; text_font_size_phone=&#8221;1em&#8221; text_font_size_last_edited=&#8221;on|phone&#8221; global_colors_info=&#8221;{}&#8221;]<div>\n<div class=\"rounded-lg border text-card-foreground shadow-sm h-full border-border\/50 bg-card\/50 backdrop-blur hover:border-primary\/30 transition-colors\">\n<div class=\"p-8\">\n<p class=\"text-muted-foreground\" style=\"text-align: left;\"><span>Implementacija Security Information and Event Management sistemov za odkrivanje gro\u017eenj in odziv na hiter incidente.<\/span><\/p>\n<\/div>\n<\/div>\n<\/div>[\/et_pb_text][\/et_pb_column][\/et_pb_row][et_pb_row column_structure=&#8221;1_2,1_2&#8243; _builder_version=&#8221;4.27.5&#8243; _module_preset=&#8221;default&#8221; custom_padding=&#8221;||5em||false|false&#8221; locked=&#8221;off&#8221; global_colors_info=&#8221;{}&#8221;][et_pb_column type=&#8221;1_2&#8243; _builder_version=&#8221;4.27.5&#8243; _module_preset=&#8221;default&#8221; background_color=&#8221;#2c3a47&#8243; custom_padding=&#8221;2em|2em|2em|2em|true|true&#8221; animation_style=&#8221;fold&#8221; animation_duration=&#8221;500ms&#8221; animation_delay=&#8221;400ms&#8221; border_radii=&#8221;on|10px|10px|10px|10px&#8221; border_width_all=&#8221;1px&#8221; border_color_all=&#8221;rgba(255,255,255,0.12)&#8221; box_shadow_style=&#8221;preset1&#8243; global_colors_info=&#8221;{}&#8221;][et_pb_code _builder_version=&#8221;4.27.5&#8243; _module_preset=&#8221;default&#8221; background_enable_color=&#8221;off&#8221; width=&#8221;5.5em&#8221; module_alignment=&#8221;left&#8221; custom_margin=&#8221;||1em||false|false&#8221; custom_padding=&#8221;||||true|true&#8221; custom_css_free_form=&#8221;.w-12 {||width: 3rem;||height: 3rem;||}||selector {||  color: #00B6ED;||}&#8221; border_color_all=&#8221;rgba(0,182,237,0.4)&#8221; locked=&#8221;off&#8221; global_colors_info=&#8221;{}&#8221;]<svg xmlns=\"http:\/\/www.w3.org\/2000\/svg\" width=\"24\" height=\"24\" viewBox=\"0 0 24 24\" fill=\"none\" stroke=\"currentColor\" stroke-width=\"2\" stroke-linecap=\"round\" stroke-linejoin=\"round\" class=\"lucide lucide-users h-12 w-12 text-primary mb-4\"><path d=\"M16 21v-2a4 4 0 0 0-4-4H6a4 4 0 0 0-4 4v2\"><\/path><circle cx=\"9\" cy=\"7\" r=\"4\"><\/circle><path d=\"M22 21v-2a4 4 0 0 0-3-3.87\"><\/path><path d=\"M16 3.13a4 4 0 0 1 0 7.75\"><\/path><\/svg>[\/et_pb_code][et_pb_text _builder_version=&#8221;4.27.5&#8243; _module_preset=&#8221;default&#8221; text_font=&#8221;Roboto||||||||&#8221; text_text_color=&#8221;#afc1d0&#8243; text_font_size=&#8221;1em&#8221; header_font=&#8221;|700|||||||&#8221; header_text_align=&#8221;center&#8221; header_text_color=&#8221;#FFFFFF&#8221; header_font_size=&#8221;3em&#8221; header_3_font=&#8221;Roboto|700|||||||&#8221; header_3_text_align=&#8221;center&#8221; header_3_text_color=&#8221;#FFFFFF&#8221; header_3_font_size=&#8221;1.8em&#8221; text_orientation=&#8221;center&#8221; width_tablet=&#8221;80%&#8221; width_phone=&#8221;80%&#8221; width_last_edited=&#8221;on|phone&#8221; module_alignment=&#8221;center&#8221; custom_margin=&#8221;||0.5em||false|false&#8221; text_font_size_tablet=&#8221;1.4em&#8221; text_font_size_phone=&#8221;1em&#8221; text_font_size_last_edited=&#8221;on|phone&#8221; global_colors_info=&#8221;{}&#8221;]<h3 class=\"text-2xl font-semibold mb-3\" style=\"text-align: left;\">Ozave\u0161\u010danje<\/h3>[\/et_pb_text][et_pb_text _builder_version=&#8221;4.27.5&#8243; _module_preset=&#8221;default&#8221; text_font=&#8221;Roboto||||||||&#8221; text_text_color=&#8221;#afc1d0&#8243; text_font_size=&#8221;1em&#8221; header_font=&#8221;|700|||||||&#8221; header_text_align=&#8221;center&#8221; header_text_color=&#8221;#FFFFFF&#8221; header_font_size=&#8221;3em&#8221; header_3_font=&#8221;Roboto|700|||||||&#8221; header_3_text_align=&#8221;center&#8221; header_3_text_color=&#8221;#FFFFFF&#8221; header_3_font_size=&#8221;2em&#8221; text_orientation=&#8221;center&#8221; width_tablet=&#8221;80%&#8221; width_phone=&#8221;80%&#8221; width_last_edited=&#8221;on|phone&#8221; module_alignment=&#8221;center&#8221; custom_padding=&#8221;||||false|false&#8221; text_font_size_tablet=&#8221;1.4em&#8221; text_font_size_phone=&#8221;1em&#8221; text_font_size_last_edited=&#8221;on|phone&#8221; global_colors_info=&#8221;{}&#8221;]<div class=\"rounded-lg border text-card-foreground shadow-sm h-full border-border\/50 bg-card\/50 backdrop-blur hover:border-primary\/30 transition-colors\">\n<div class=\"p-8\">\n<p class=\"text-muted-foreground\" style=\"text-align: left;\"><span>Usposabljanje zaposlenih, phishing simulacije in varnostna kultura.<\/span><\/p>\n<\/div>\n<\/div>[\/et_pb_text][\/et_pb_column][et_pb_column type=&#8221;1_2&#8243; _builder_version=&#8221;4.27.5&#8243; _module_preset=&#8221;default&#8221; background_color=&#8221;#2c3a47&#8243; custom_padding=&#8221;2em|2em|2em|2em|true|true&#8221; animation_style=&#8221;fold&#8221; animation_duration=&#8221;500ms&#8221; animation_delay=&#8221;600ms&#8221; border_radii=&#8221;on|10px|10px|10px|10px&#8221; border_width_all=&#8221;1px&#8221; border_color_all=&#8221;rgba(255,255,255,0.12)&#8221; box_shadow_style=&#8221;preset1&#8243; global_colors_info=&#8221;{}&#8221;][et_pb_code _builder_version=&#8221;4.27.5&#8243; _module_preset=&#8221;default&#8221; background_enable_color=&#8221;off&#8221; width=&#8221;5.5em&#8221; module_alignment=&#8221;left&#8221; custom_margin=&#8221;||1em||false|false&#8221; custom_padding=&#8221;||||true|true&#8221; custom_css_free_form=&#8221;.w-12 {||width: 3rem;||height: 3rem;||}||selector {||  color: #00B6ED;||}&#8221; border_color_all=&#8221;rgba(0,182,237,0.4)&#8221; locked=&#8221;off&#8221; global_colors_info=&#8221;{}&#8221;]<svg xmlns=\"http:\/\/www.w3.org\/2000\/svg\" width=\"24\" height=\"24\" viewBox=\"0 0 24 24\" fill=\"none\" stroke=\"currentColor\" stroke-width=\"2\" stroke-linecap=\"round\" stroke-linejoin=\"round\" class=\"lucide lucide-lock h-12 w-12 text-primary mb-4\"><rect width=\"18\" height=\"11\" x=\"3\" y=\"11\" rx=\"2\" ry=\"2\"><\/rect><path d=\"M7 11V7a5 5 0 0 1 10 0v4\"><\/path><\/svg>[\/et_pb_code][et_pb_text _builder_version=&#8221;4.27.5&#8243; _module_preset=&#8221;default&#8221; text_font=&#8221;Roboto||||||||&#8221; text_text_color=&#8221;#afc1d0&#8243; text_font_size=&#8221;1em&#8221; header_font=&#8221;|700|||||||&#8221; header_text_align=&#8221;center&#8221; header_text_color=&#8221;#FFFFFF&#8221; header_font_size=&#8221;3em&#8221; header_3_font=&#8221;Roboto|700|||||||&#8221; header_3_text_align=&#8221;center&#8221; header_3_text_color=&#8221;#FFFFFF&#8221; header_3_font_size=&#8221;1.8em&#8221; text_orientation=&#8221;center&#8221; width_tablet=&#8221;80%&#8221; width_phone=&#8221;80%&#8221; width_last_edited=&#8221;on|phone&#8221; module_alignment=&#8221;center&#8221; custom_margin=&#8221;||0.5em||false|false&#8221; text_font_size_tablet=&#8221;1.4em&#8221; text_font_size_phone=&#8221;1em&#8221; text_font_size_last_edited=&#8221;on|phone&#8221; global_colors_info=&#8221;{}&#8221;]<h3 class=\"text-2xl font-semibold mb-3\" style=\"text-align: left;\">Za\u0161\u010dita kon\u010dnih naprav<\/h3>[\/et_pb_text][et_pb_text _builder_version=&#8221;4.27.5&#8243; _module_preset=&#8221;default&#8221; text_font=&#8221;Roboto||||||||&#8221; text_text_color=&#8221;#afc1d0&#8243; text_font_size=&#8221;1em&#8221; header_font=&#8221;|700|||||||&#8221; header_text_align=&#8221;center&#8221; header_text_color=&#8221;#FFFFFF&#8221; header_font_size=&#8221;3em&#8221; header_3_font=&#8221;Roboto|700|||||||&#8221; header_3_text_align=&#8221;center&#8221; header_3_text_color=&#8221;#FFFFFF&#8221; header_3_font_size=&#8221;2em&#8221; text_orientation=&#8221;center&#8221; width_tablet=&#8221;80%&#8221; width_phone=&#8221;80%&#8221; width_last_edited=&#8221;on|phone&#8221; module_alignment=&#8221;center&#8221; custom_padding=&#8221;||||false|false&#8221; text_font_size_tablet=&#8221;1.4em&#8221; text_font_size_phone=&#8221;1em&#8221; text_font_size_last_edited=&#8221;on|phone&#8221; global_colors_info=&#8221;{}&#8221;]<div class=\"grid grid-cols-1 md:grid-cols-2 gap-8 mb-20\">\n<div>\n<div class=\"rounded-lg border text-card-foreground shadow-sm h-full border-border\/50 bg-card\/50 backdrop-blur hover:border-primary\/30 transition-colors\">\n<div class=\"p-8\">\n<p class=\"text-muted-foreground\" style=\"text-align: left;\"><span>Za\u0161\u010dita delovnih postaj, stre\u017enikov in mobilnih naprav pred napadi.<\/span><\/p>\n<\/div>\n<\/div>\n<\/div>\n<\/div>[\/et_pb_text][\/et_pb_column][\/et_pb_row][et_pb_row _builder_version=&#8221;4.27.5&#8243; _module_preset=&#8221;default&#8221; animation_style=&#8221;slide&#8221; animation_direction=&#8221;bottom&#8221; animation_delay=&#8221;800ms&#8221; animation_intensity_slide=&#8221;5%&#8221; global_colors_info=&#8221;{}&#8221;][et_pb_column type=&#8221;4_4&#8243; _builder_version=&#8221;4.27.5&#8243; _module_preset=&#8221;default&#8221; global_colors_info=&#8221;{}&#8221;][et_pb_text _builder_version=&#8221;4.27.5&#8243; _module_preset=&#8221;default&#8221; header_2_font=&#8221;Roboto|700|||||||&#8221; header_2_text_align=&#8221;center&#8221; header_2_text_color=&#8221;#FFFFFF&#8221; header_2_font_size=&#8221;2.5em&#8221; global_colors_info=&#8221;{}&#8221;]<h2 class=\"text-3xl font-bold mb-8 text-center\">Na\u0161e varnostne storitve<\/h2>[\/et_pb_text][\/et_pb_column][\/et_pb_row][et_pb_row column_structure=&#8221;1_2,1_2&#8243; _builder_version=&#8221;4.27.5&#8243; _module_preset=&#8221;default&#8221; custom_padding=&#8221;||6em||false|false&#8221; animation_style=&#8221;slide&#8221; animation_direction=&#8221;bottom&#8221; animation_delay=&#8221;800ms&#8221; animation_intensity_slide=&#8221;5%&#8221; global_colors_info=&#8221;{}&#8221;][et_pb_column type=&#8221;1_2&#8243; _builder_version=&#8221;4.27.5&#8243; _module_preset=&#8221;default&#8221; global_colors_info=&#8221;{}&#8221;][dsm_icon_list list_space_between=&#8221;0.8em&#8221; _builder_version=&#8221;4.27.5&#8243; _module_preset=&#8221;default&#8221; global_colors_info=&#8221;{}&#8221;][dsm_icon_list_child text=&#8221;ISO 27001:2022 analiza neskladnosti in plan&#8221; font_icon=&#8221;&#xf058;||fa||400&#8243; icon_color=&#8221;#00B6ED&#8221; icon_font_size=&#8221;1.1em&#8221; _builder_version=&#8221;4.27.5&#8243; _module_preset=&#8221;default&#8221; text_font=&#8221;Roboto||||||||&#8221; text_text_color=&#8221;#FFFFFF&#8221; text_font_size=&#8221;1.3em&#8221; global_colors_info=&#8221;{}&#8221;][\/dsm_icon_list_child][dsm_icon_list_child text=&#8221;Ocena tveganja in na\u010drt za obravnavo&#8221; font_icon=&#8221;&#xf058;||fa||400&#8243; icon_color=&#8221;#00B6ED&#8221; icon_font_size=&#8221;1.1em&#8221; _builder_version=&#8221;4.27.5&#8243; _module_preset=&#8221;default&#8221; text_font=&#8221;Roboto||||||||&#8221; text_text_color=&#8221;#FFFFFF&#8221; text_font_size=&#8221;1.3em&#8221; global_colors_info=&#8221;{}&#8221;][\/dsm_icon_list_child][dsm_icon_list_child text=&#8221;Security policy as code in avtomatizacija&#8221; font_icon=&#8221;&#xf058;||fa||400&#8243; icon_color=&#8221;#00B6ED&#8221; icon_font_size=&#8221;1.1em&#8221; _builder_version=&#8221;4.27.5&#8243; _module_preset=&#8221;default&#8221; text_font=&#8221;Roboto||||||||&#8221; text_text_color=&#8221;#FFFFFF&#8221; text_font_size=&#8221;1.3em&#8221; global_colors_info=&#8221;{}&#8221;][\/dsm_icon_list_child][dsm_icon_list_child text=&#8221;Varnostne kopije in obnova&#8221; font_icon=&#8221;&#xf058;||fa||400&#8243; icon_color=&#8221;#00B6ED&#8221; icon_font_size=&#8221;1.1em&#8221; _builder_version=&#8221;4.27.5&#8243; _module_preset=&#8221;default&#8221; text_font=&#8221;Roboto||||||||&#8221; text_text_color=&#8221;#FFFFFF&#8221; text_font_size=&#8221;1.3em&#8221; global_colors_info=&#8221;{}&#8221;][\/dsm_icon_list_child][\/dsm_icon_list][\/et_pb_column][et_pb_column type=&#8221;1_2&#8243; _builder_version=&#8221;4.27.5&#8243; _module_preset=&#8221;default&#8221; global_colors_info=&#8221;{}&#8221;][dsm_icon_list list_space_between=&#8221;0.8em&#8221; _builder_version=&#8221;4.27.5&#8243; _module_preset=&#8221;default&#8221; global_colors_info=&#8221;{}&#8221;][dsm_icon_list_child text=&#8221;Pomo\u010d pri izdelavi in implementaciji varnostnih politik&#8221; font_icon=&#8221;&#xf058;||fa||400&#8243; icon_color=&#8221;#00B6ED&#8221; icon_font_size=&#8221;1.1em&#8221; _builder_version=&#8221;4.27.5&#8243; _module_preset=&#8221;default&#8221; text_font=&#8221;Roboto||||||||&#8221; text_text_color=&#8221;#FFFFFF&#8221; text_font_size=&#8221;1.3em&#8221; global_colors_info=&#8221;{}&#8221;][\/dsm_icon_list_child][dsm_icon_list_child text=&#8221;Interni in pripravljalni pregledi&#8221; font_icon=&#8221;&#xf058;||fa||400&#8243; icon_color=&#8221;#00B6ED&#8221; icon_font_size=&#8221;1.1em&#8221; _builder_version=&#8221;4.27.5&#8243; _module_preset=&#8221;default&#8221; text_font=&#8221;Roboto||||||||&#8221; text_text_color=&#8221;#FFFFFF&#8221; text_font_size=&#8221;1.3em&#8221; global_colors_info=&#8221;{}&#8221;][\/dsm_icon_list_child][dsm_icon_list_child text=&#8221;Na\u010drtovanje odzivanja na incidente&#8221; font_icon=&#8221;&#xf058;||fa||400&#8243; icon_color=&#8221;#00B6ED&#8221; icon_font_size=&#8221;1.1em&#8221; _builder_version=&#8221;4.27.5&#8243; _module_preset=&#8221;default&#8221; text_font=&#8221;Roboto||||||||&#8221; text_text_color=&#8221;#FFFFFF&#8221; text_font_size=&#8221;1.3em&#8221; global_colors_info=&#8221;{}&#8221;][\/dsm_icon_list_child][dsm_icon_list_child text=&#8221;GDPR skladnost in podatkovna varnost&#8221; font_icon=&#8221;&#xf058;||fa||400&#8243; icon_color=&#8221;#00B6ED&#8221; icon_font_size=&#8221;1.1em&#8221; _builder_version=&#8221;4.27.5&#8243; _module_preset=&#8221;default&#8221; text_font=&#8221;Roboto||||||||&#8221; text_text_color=&#8221;#FFFFFF&#8221; text_font_size=&#8221;1.3em&#8221; global_colors_info=&#8221;{}&#8221;][\/dsm_icon_list_child][\/dsm_icon_list][\/et_pb_column][\/et_pb_row][et_pb_row _builder_version=&#8221;4.27.5&#8243; _module_preset=&#8221;default&#8221; global_colors_info=&#8221;{}&#8221;][et_pb_column type=&#8221;4_4&#8243; _builder_version=&#8221;4.27.5&#8243; _module_preset=&#8221;default&#8221; global_colors_info=&#8221;{}&#8221;][et_pb_button button_url=&#8221;@ET-DC@eyJkeW5hbWljIjp0cnVlLCJjb250ZW50IjoicG9zdF9saW5rX3VybF9wYWdlIiwic2V0dGluZ3MiOnsicG9zdF9pZCI6IjI3MSJ9fQ==@&#8221; button_text=&#8221;Naro\u010dite posvet&#8221; button_alignment=&#8221;center&#8221; _builder_version=&#8221;4.27.5&#8243; _dynamic_attributes=&#8221;button_url&#8221; _module_preset=&#8221;default&#8221; custom_button=&#8221;on&#8221; button_text_size=&#8221;1.3em&#8221; button_text_color=&#8221;#000000&#8243; button_bg_color=&#8221;#00B6ED&#8221; button_border_width=&#8221;0px&#8221; button_border_radius=&#8221;10px&#8221; button_font=&#8221;Roboto||||||||&#8221; button_use_icon=&#8221;off&#8221; custom_padding=&#8221;0.5em|4em|0.5em|4em|true|true&#8221; global_colors_info=&#8221;{}&#8221;][\/et_pb_button][\/et_pb_column][\/et_pb_row][\/et_pb_section]\n","protected":false},"excerpt":{"rendered":"<p>Informacijska varnost Celostne varnostne re\u0161itve in pot do ISO 27001 certifikata. Varnost ni stro\u0161ek, je investicija.ISO 27001 certifikacijaVodimo vas skozi celoten proces pridobitve certifikata od gap analize do zunanje revizije.Upravljano odkrivanje in odzivanje Implementacija Security Information and Event Management sistemov za odkrivanje gro\u017eenj in odziv na hiter incidente. Ozave\u0161\u010danje Usposabljanje zaposlenih, phishing simulacije in varnostna [&hellip;]<\/p>\n","protected":false},"author":1,"featured_media":0,"parent":0,"menu_order":0,"comment_status":"closed","ping_status":"closed","template":"","meta":{"_et_pb_use_builder":"on","_et_pb_old_content":"<!-- wp:divi\/placeholder \/-->","_et_gb_content_width":"","inline_featured_image":false,"footnotes":""},"class_list":["post-1003","page","type-page","status-publish","hentry"],"aioseo_notices":[],"_links":{"self":[{"href":"https:\/\/nimbis.si\/en\/wp-json\/wp\/v2\/pages\/1003","targetHints":{"allow":["GET"]}}],"collection":[{"href":"https:\/\/nimbis.si\/en\/wp-json\/wp\/v2\/pages"}],"about":[{"href":"https:\/\/nimbis.si\/en\/wp-json\/wp\/v2\/types\/page"}],"author":[{"embeddable":true,"href":"https:\/\/nimbis.si\/en\/wp-json\/wp\/v2\/users\/1"}],"replies":[{"embeddable":true,"href":"https:\/\/nimbis.si\/en\/wp-json\/wp\/v2\/comments?post=1003"}],"version-history":[{"count":7,"href":"https:\/\/nimbis.si\/en\/wp-json\/wp\/v2\/pages\/1003\/revisions"}],"predecessor-version":[{"id":1182,"href":"https:\/\/nimbis.si\/en\/wp-json\/wp\/v2\/pages\/1003\/revisions\/1182"}],"wp:attachment":[{"href":"https:\/\/nimbis.si\/en\/wp-json\/wp\/v2\/media?parent=1003"}],"curies":[{"name":"wp","href":"https:\/\/api.w.org\/{rel}","templated":true}]}}