{"id":275,"date":"2023-01-09T13:53:51","date_gmt":"2023-01-09T13:53:51","guid":{"rendered":"https:\/\/nimbis.si\/?page_id=275"},"modified":"2026-01-27T09:06:12","modified_gmt":"2026-01-27T09:06:12","slug":"razvoj","status":"publish","type":"page","link":"https:\/\/nimbis.si\/en\/razvoj\/","title":{"rendered":"Custom business applications"},"content":{"rendered":"\n[et_pb_section fb_built=&#8221;1&#8243; _builder_version=&#8221;4.27.5&#8243; _module_preset=&#8221;default&#8221; use_background_color_gradient=&#8221;on&#8221; background_color_gradient_type=&#8221;conic&#8221; background_color_gradient_direction=&#8221;45deg&#8221; background_color_gradient_stops=&#8221;#222f3a 0%|#293540 12%|#344554 25%|#293540 37%|#222f3a 50%|#293540 62%|#344554 75%|#293540 87%|#222f3a 100%&#8221; positioning=&#8221;none&#8221; custom_margin=&#8221;||||false|false&#8221; locked=&#8221;off&#8221; global_colors_info=&#8221;{}&#8221;][et_pb_row _builder_version=&#8221;4.27.5&#8243; _module_preset=&#8221;default&#8221; locked=&#8221;off&#8221; global_colors_info=&#8221;{}&#8221;][et_pb_column type=&#8221;4_4&#8243; _builder_version=&#8221;4.27.5&#8243; _module_preset=&#8221;default&#8221; global_colors_info=&#8221;{}&#8221;][et_pb_text _builder_version=&#8221;4.27.5&#8243; _module_preset=&#8221;default&#8221; text_font=&#8221;Roboto||||||||&#8221; text_text_color=&#8221;#afc1d0&#8243; text_font_size=&#8221;1.4em&#8221; header_font=&#8221;|700|||||||&#8221; header_text_align=&#8221;center&#8221; header_text_color=&#8221;#FFFFFF&#8221; header_font_size=&#8221;3em&#8221; text_orientation=&#8221;center&#8221; width=&#8221;80%&#8221; width_tablet=&#8221;100%&#8221; width_phone=&#8221;100%&#8221; width_last_edited=&#8221;on|phone&#8221; module_alignment=&#8221;center&#8221; custom_padding=&#8221;||0px|||&#8221; text_font_size_tablet=&#8221;1.4em&#8221; text_font_size_phone=&#8221;1em&#8221; text_font_size_last_edited=&#8221;on|phone&#8221; global_colors_info=&#8221;{}&#8221;]<h1 class=\"text-5xl md:text-6xl font-bold mb-6\">Poslovne aplikacije po meri<\/h1>\n<p><span>Ko splo\u0161ne re\u0161itve ne zado\u0161\u010dajo razvijemo aplikacije, ki podpirajo va\u0161 proces. Od ideje do produkcije.<\/span><\/p>[\/et_pb_text][\/et_pb_column][\/et_pb_row][et_pb_row column_structure=&#8221;1_2,1_2&#8243; _builder_version=&#8221;4.27.5&#8243; _module_preset=&#8221;default&#8221; locked=&#8221;off&#8221; global_colors_info=&#8221;{}&#8221;][et_pb_column type=&#8221;1_2&#8243; _builder_version=&#8221;4.27.5&#8243; _module_preset=&#8221;default&#8221; background_color=&#8221;#2c3a47&#8243; custom_padding=&#8221;2em|2em|2em|2em|true|true&#8221; animation_style=&#8221;fold&#8221; animation_duration=&#8221;500ms&#8221; border_radii=&#8221;on|10px|10px|10px|10px&#8221; border_width_all=&#8221;1px&#8221; border_color_all=&#8221;rgba(255,255,255,0.12)&#8221; box_shadow_style=&#8221;preset1&#8243; global_colors_info=&#8221;{}&#8221;][et_pb_code _builder_version=&#8221;4.27.5&#8243; _module_preset=&#8221;default&#8221; background_enable_color=&#8221;off&#8221; width=&#8221;5.5em&#8221; module_alignment=&#8221;left&#8221; custom_margin=&#8221;||1em||false|false&#8221; custom_padding=&#8221;||||true|true&#8221; custom_css_free_form=&#8221;.w-12 {||width: 3rem;||height: 3rem;||}||selector {||  color: #00B6ED;||}&#8221; border_color_all=&#8221;rgba(0,182,237,0.4)&#8221; locked=&#8221;off&#8221; global_colors_info=&#8221;{}&#8221;]<svg xmlns=\"http:\/\/www.w3.org\/2000\/svg\" width=\"24\" height=\"24\" viewBox=\"0 0 24 24\" fill=\"none\" stroke=\"currentColor\" stroke-width=\"2\" stroke-linecap=\"round\" stroke-linejoin=\"round\" class=\"lucide lucide-code h-12 w-12 text-primary mb-4\"><polyline points=\"16 18 22 12 16 6\"><\/polyline><polyline points=\"8 6 2 12 8 18\"><\/polyline><\/svg>[\/et_pb_code][et_pb_text _builder_version=&#8221;4.27.5&#8243; _module_preset=&#8221;default&#8221; text_font=&#8221;Roboto||||||||&#8221; text_text_color=&#8221;#afc1d0&#8243; text_font_size=&#8221;1em&#8221; header_font=&#8221;|700|||||||&#8221; header_text_align=&#8221;center&#8221; header_text_color=&#8221;#FFFFFF&#8221; header_font_size=&#8221;3em&#8221; header_3_font=&#8221;Roboto|700|||||||&#8221; header_3_text_align=&#8221;center&#8221; header_3_text_color=&#8221;#FFFFFF&#8221; header_3_font_size=&#8221;1.8em&#8221; text_orientation=&#8221;center&#8221; width_tablet=&#8221;80%&#8221; width_phone=&#8221;80%&#8221; width_last_edited=&#8221;on|phone&#8221; module_alignment=&#8221;center&#8221; custom_margin=&#8221;||0.5em||false|false&#8221; text_font_size_tablet=&#8221;1.4em&#8221; text_font_size_phone=&#8221;1em&#8221; text_font_size_last_edited=&#8221;on|phone&#8221; global_colors_info=&#8221;{}&#8221;]<h3 class=\"text-2xl font-semibold mb-3\" style=\"text-align: left;\"><span>ERP moduli in poslovni sistemi<\/span><\/h3>[\/et_pb_text][\/et_pb_column][et_pb_column type=&#8221;1_2&#8243; _builder_version=&#8221;4.27.5&#8243; _module_preset=&#8221;default&#8221; background_color=&#8221;#2c3a47&#8243; custom_padding=&#8221;2em|2em|2em|2em|true|true&#8221; animation_style=&#8221;fold&#8221; animation_duration=&#8221;500ms&#8221; animation_delay=&#8221;200ms&#8221; border_radii=&#8221;on|10px|10px|10px|10px&#8221; border_width_all=&#8221;1px&#8221; border_color_all=&#8221;rgba(255,255,255,0.12)&#8221; box_shadow_style=&#8221;preset1&#8243; global_colors_info=&#8221;{}&#8221;][et_pb_code _builder_version=&#8221;4.27.5&#8243; _module_preset=&#8221;default&#8221; background_enable_color=&#8221;off&#8221; width=&#8221;5.5em&#8221; module_alignment=&#8221;left&#8221; custom_margin=&#8221;||1em||false|false&#8221; custom_padding=&#8221;||||true|true&#8221; custom_css_free_form=&#8221;.w-12 {||width: 3rem;||height: 3rem;||}||selector {||  color: #00B6ED;||}&#8221; border_color_all=&#8221;rgba(0,182,237,0.4)&#8221; locked=&#8221;off&#8221; global_colors_info=&#8221;{}&#8221;]<svg xmlns=\"http:\/\/www.w3.org\/2000\/svg\" width=\"24\" height=\"24\" viewBox=\"0 0 24 24\" fill=\"none\" stroke=\"currentColor\" stroke-width=\"2\" stroke-linecap=\"round\" stroke-linejoin=\"round\" class=\"lucide lucide-smartphone h-12 w-12 text-primary mb-4\"><rect width=\"14\" height=\"20\" x=\"5\" y=\"2\" rx=\"2\" ry=\"2\"><\/rect><path d=\"M12 18h.01\"><\/path><\/svg>[\/et_pb_code][et_pb_text _builder_version=&#8221;4.27.5&#8243; _module_preset=&#8221;default&#8221; text_font=&#8221;Roboto||||||||&#8221; text_text_color=&#8221;#afc1d0&#8243; text_font_size=&#8221;1em&#8221; header_font=&#8221;|700|||||||&#8221; header_text_align=&#8221;center&#8221; header_text_color=&#8221;#FFFFFF&#8221; header_font_size=&#8221;3em&#8221; header_3_font=&#8221;Roboto|700|||||||&#8221; header_3_text_align=&#8221;center&#8221; header_3_text_color=&#8221;#FFFFFF&#8221; header_3_font_size=&#8221;1.8em&#8221; text_orientation=&#8221;center&#8221; width_tablet=&#8221;80%&#8221; width_phone=&#8221;80%&#8221; width_last_edited=&#8221;on|phone&#8221; module_alignment=&#8221;center&#8221; custom_margin=&#8221;||0.5em||false|false&#8221; text_font_size_tablet=&#8221;1.4em&#8221; text_font_size_phone=&#8221;1em&#8221; text_font_size_last_edited=&#8221;on|phone&#8221; global_colors_info=&#8221;{}&#8221;]<h3 class=\"text-2xl font-semibold mb-3\" style=\"text-align: left;\">Avtomatizacija delovnega procesa<\/h3>[\/et_pb_text][\/et_pb_column][\/et_pb_row][et_pb_row column_structure=&#8221;1_2,1_2&#8243; _builder_version=&#8221;4.27.5&#8243; _module_preset=&#8221;default&#8221; custom_padding=&#8221;||5em||false|false&#8221; locked=&#8221;off&#8221; global_colors_info=&#8221;{}&#8221;][et_pb_column type=&#8221;1_2&#8243; _builder_version=&#8221;4.27.5&#8243; _module_preset=&#8221;default&#8221; background_color=&#8221;#2c3a47&#8243; custom_padding=&#8221;2em|2em|2em|2em|true|true&#8221; animation_style=&#8221;fold&#8221; animation_duration=&#8221;500ms&#8221; animation_delay=&#8221;400ms&#8221; border_radii=&#8221;on|10px|10px|10px|10px&#8221; border_width_all=&#8221;1px&#8221; border_color_all=&#8221;rgba(255,255,255,0.12)&#8221; box_shadow_style=&#8221;preset1&#8243; global_colors_info=&#8221;{}&#8221;][et_pb_code _builder_version=&#8221;4.27.5&#8243; _module_preset=&#8221;default&#8221; background_enable_color=&#8221;off&#8221; width=&#8221;5.5em&#8221; module_alignment=&#8221;left&#8221; custom_margin=&#8221;||1em||false|false&#8221; custom_padding=&#8221;||||true|true&#8221; custom_css_free_form=&#8221;.w-12 {||width: 3rem;||height: 3rem;||}||selector {||  color: #00B6ED;||}&#8221; border_color_all=&#8221;rgba(0,182,237,0.4)&#8221; locked=&#8221;off&#8221; global_colors_info=&#8221;{}&#8221;]<svg xmlns=\"http:\/\/www.w3.org\/2000\/svg\" width=\"24\" height=\"24\" viewBox=\"0 0 24 24\" fill=\"none\" stroke=\"currentColor\" stroke-width=\"2\" stroke-linecap=\"round\" stroke-linejoin=\"round\" class=\"lucide lucide-workflow h-12 w-12 text-primary mb-4\"><rect width=\"8\" height=\"8\" x=\"3\" y=\"3\" rx=\"2\"><\/rect><path d=\"M7 11v4a2 2 0 0 0 2 2h4\"><\/path><rect width=\"8\" height=\"8\" x=\"13\" y=\"13\" rx=\"2\"><\/rect><\/svg>[\/et_pb_code][et_pb_text _builder_version=&#8221;4.27.5&#8243; _module_preset=&#8221;default&#8221; text_font=&#8221;Roboto||||||||&#8221; text_text_color=&#8221;#afc1d0&#8243; text_font_size=&#8221;1em&#8221; header_font=&#8221;|700|||||||&#8221; header_text_align=&#8221;center&#8221; header_text_color=&#8221;#FFFFFF&#8221; header_font_size=&#8221;3em&#8221; header_3_font=&#8221;Roboto|700|||||||&#8221; header_3_text_align=&#8221;center&#8221; header_3_text_color=&#8221;#FFFFFF&#8221; header_3_font_size=&#8221;1.8em&#8221; text_orientation=&#8221;center&#8221; width_tablet=&#8221;80%&#8221; width_phone=&#8221;80%&#8221; width_last_edited=&#8221;on|phone&#8221; module_alignment=&#8221;center&#8221; custom_margin=&#8221;||0.5em||false|false&#8221; text_font_size_tablet=&#8221;1.4em&#8221; text_font_size_phone=&#8221;1em&#8221; text_font_size_last_edited=&#8221;on|phone&#8221; global_colors_info=&#8221;{}&#8221;]<h3 class=\"text-2xl font-semibold mb-3\" style=\"text-align: left;\">Integracije z zunanjimi sistemi<\/h3>[\/et_pb_text][\/et_pb_column][et_pb_column type=&#8221;1_2&#8243; _builder_version=&#8221;4.27.5&#8243; _module_preset=&#8221;default&#8221; background_color=&#8221;#2c3a47&#8243; custom_padding=&#8221;2em|2em|2em|2em|true|true&#8221; animation_style=&#8221;fold&#8221; animation_duration=&#8221;500ms&#8221; animation_delay=&#8221;600ms&#8221; border_radii=&#8221;on|10px|10px|10px|10px&#8221; border_width_all=&#8221;1px&#8221; border_color_all=&#8221;rgba(255,255,255,0.12)&#8221; box_shadow_style=&#8221;preset1&#8243; global_colors_info=&#8221;{}&#8221;][et_pb_code _builder_version=&#8221;4.27.5&#8243; _module_preset=&#8221;default&#8221; background_enable_color=&#8221;off&#8221; width=&#8221;5.5em&#8221; module_alignment=&#8221;left&#8221; custom_margin=&#8221;||1em||false|false&#8221; custom_padding=&#8221;||||true|true&#8221; custom_css_free_form=&#8221;.w-12 {||width: 3rem;||height: 3rem;||}||selector {||  color: #00B6ED;||}&#8221; border_color_all=&#8221;rgba(0,182,237,0.4)&#8221; locked=&#8221;off&#8221; global_colors_info=&#8221;{}&#8221;]<svg xmlns=\"http:\/\/www.w3.org\/2000\/svg\" width=\"24\" height=\"24\" viewBox=\"0 0 24 24\" fill=\"none\" stroke=\"currentColor\" stroke-width=\"2\" stroke-linecap=\"round\" stroke-linejoin=\"round\" class=\"lucide lucide-lock h-12 w-12 text-primary mb-4\"><rect width=\"18\" height=\"11\" x=\"3\" y=\"11\" rx=\"2\" ry=\"2\"><\/rect><path d=\"M7 11V7a5 5 0 0 1 10 0v4\"><\/path><\/svg>[\/et_pb_code][et_pb_text _builder_version=&#8221;4.27.5&#8243; _module_preset=&#8221;default&#8221; text_font=&#8221;Roboto||||||||&#8221; text_text_color=&#8221;#afc1d0&#8243; text_font_size=&#8221;1em&#8221; header_font=&#8221;|700|||||||&#8221; header_text_align=&#8221;center&#8221; header_text_color=&#8221;#FFFFFF&#8221; header_font_size=&#8221;3em&#8221; header_3_font=&#8221;Roboto|700|||||||&#8221; header_3_text_align=&#8221;center&#8221; header_3_text_color=&#8221;#FFFFFF&#8221; header_3_font_size=&#8221;1.8em&#8221; text_orientation=&#8221;center&#8221; width_tablet=&#8221;80%&#8221; width_phone=&#8221;80%&#8221; width_last_edited=&#8221;on|phone&#8221; module_alignment=&#8221;center&#8221; custom_margin=&#8221;||0.5em||false|false&#8221; text_font_size_tablet=&#8221;1.4em&#8221; text_font_size_phone=&#8221;1em&#8221; text_font_size_last_edited=&#8221;on|phone&#8221; global_colors_info=&#8221;{}&#8221;]<h3 class=\"text-2xl font-semibold mb-3\" style=\"text-align: left;\">Portali za kupce<\/h3>[\/et_pb_text][\/et_pb_column][\/et_pb_row][et_pb_row _builder_version=&#8221;4.27.5&#8243; _module_preset=&#8221;default&#8221; animation_style=&#8221;slide&#8221; animation_direction=&#8221;bottom&#8221; animation_delay=&#8221;800ms&#8221; animation_intensity_slide=&#8221;5%&#8221; global_colors_info=&#8221;{}&#8221;][et_pb_column type=&#8221;4_4&#8243; _builder_version=&#8221;4.27.5&#8243; _module_preset=&#8221;default&#8221; global_colors_info=&#8221;{}&#8221;][et_pb_text _builder_version=&#8221;4.27.5&#8243; _module_preset=&#8221;default&#8221; header_2_font=&#8221;Roboto|700|||||||&#8221; header_2_text_align=&#8221;center&#8221; header_2_text_color=&#8221;#FFFFFF&#8221; header_2_font_size=&#8221;2.5em&#8221; global_colors_info=&#8221;{}&#8221;]<h2 class=\"text-3xl font-bold mb-8 text-center\">Kaj ponujamo<\/h2>[\/et_pb_text][\/et_pb_column][\/et_pb_row][et_pb_row column_structure=&#8221;1_2,1_2&#8243; _builder_version=&#8221;4.27.5&#8243; _module_preset=&#8221;default&#8221; custom_padding=&#8221;||||false|false&#8221; animation_style=&#8221;slide&#8221; animation_direction=&#8221;bottom&#8221; animation_delay=&#8221;800ms&#8221; animation_intensity_slide=&#8221;5%&#8221; global_colors_info=&#8221;{}&#8221;][et_pb_column type=&#8221;1_2&#8243; _builder_version=&#8221;4.27.5&#8243; _module_preset=&#8221;default&#8221; global_colors_info=&#8221;{}&#8221;][dsm_icon_list list_direction=&#8221;rtl&#8221; list_space_between=&#8221;0.8em&#8221; _builder_version=&#8221;4.27.5&#8243; _module_preset=&#8221;default&#8221; global_colors_info=&#8221;{}&#8221;][dsm_icon_list_child text=&#8221;Spletne aplikacije&#8221; font_icon=&#8221;&#xf058;||fa||400&#8243; icon_color=&#8221;#00B6ED&#8221; icon_font_size=&#8221;1.1em&#8221; _builder_version=&#8221;4.27.5&#8243; _module_preset=&#8221;default&#8221; text_font=&#8221;Roboto||||||||&#8221; text_text_color=&#8221;#FFFFFF&#8221; text_font_size=&#8221;1.3em&#8221; global_colors_info=&#8221;{}&#8221;][\/dsm_icon_list_child][dsm_icon_list_child text=&#8221;Mobilne aplikacije&#8221; font_icon=&#8221;&#xf058;||fa||400&#8243; icon_color=&#8221;#00B6ED&#8221; icon_font_size=&#8221;1.1em&#8221; _builder_version=&#8221;4.27.5&#8243; _module_preset=&#8221;default&#8221; text_font=&#8221;Roboto||||||||&#8221; text_text_color=&#8221;#FFFFFF&#8221; text_font_size=&#8221;1.3em&#8221; global_colors_info=&#8221;{}&#8221;][\/dsm_icon_list_child][dsm_icon_list_child text=&#8221;Backend in baze&#8221; font_icon=&#8221;&#xf058;||fa||400&#8243; icon_color=&#8221;#00B6ED&#8221; icon_font_size=&#8221;1.1em&#8221; _builder_version=&#8221;4.27.5&#8243; _module_preset=&#8221;default&#8221; text_font=&#8221;Roboto||||||||&#8221; text_text_color=&#8221;#FFFFFF&#8221; text_font_size=&#8221;1.3em&#8221; global_colors_info=&#8221;{}&#8221;][\/dsm_icon_list_child][dsm_icon_list_child text=&#8221;Uvajanje uporabnikov&#8221; font_icon=&#8221;&#xf058;||fa||400&#8243; icon_color=&#8221;#00B6ED&#8221; icon_font_size=&#8221;1.1em&#8221; _builder_version=&#8221;4.27.5&#8243; _module_preset=&#8221;default&#8221; text_font=&#8221;Roboto||||||||&#8221; text_text_color=&#8221;#FFFFFF&#8221; text_font_size=&#8221;1.3em&#8221; global_colors_info=&#8221;{}&#8221;][\/dsm_icon_list_child][\/dsm_icon_list][\/et_pb_column][et_pb_column type=&#8221;1_2&#8243; _builder_version=&#8221;4.27.5&#8243; _module_preset=&#8221;default&#8221; global_colors_info=&#8221;{}&#8221;][dsm_icon_list list_space_between=&#8221;0.8em&#8221; _builder_version=&#8221;4.27.5&#8243; _module_preset=&#8221;default&#8221; global_colors_info=&#8221;{}&#8221;][dsm_icon_list_child text=&#8221;Nadzorne plo\u0161\u010de za upravljanje&#8221; font_icon=&#8221;&#xf058;||fa||400&#8243; icon_color=&#8221;#00B6ED&#8221; icon_font_size=&#8221;1.1em&#8221; _builder_version=&#8221;4.27.5&#8243; _module_preset=&#8221;default&#8221; text_font=&#8221;Roboto||||||||&#8221; text_text_color=&#8221;#FFFFFF&#8221; text_font_size=&#8221;1.3em&#8221; global_colors_info=&#8221;{}&#8221;][\/dsm_icon_list_child][dsm_icon_list_child text=&#8221;Podrobna analitika uporabe&#8221; font_icon=&#8221;&#xf058;||fa||400&#8243; icon_color=&#8221;#00B6ED&#8221; icon_font_size=&#8221;1.1em&#8221; _builder_version=&#8221;4.27.5&#8243; _module_preset=&#8221;default&#8221; text_font=&#8221;Roboto||||||||&#8221; text_text_color=&#8221;#FFFFFF&#8221; text_font_size=&#8221;1.3em&#8221; global_colors_info=&#8221;{}&#8221;][\/dsm_icon_list_child][dsm_icon_list_child text=&#8221;Upravljanje dokumentov in sredstev&#8221; font_icon=&#8221;&#xf058;||fa||400&#8243; icon_color=&#8221;#00B6ED&#8221; icon_font_size=&#8221;1.1em&#8221; _builder_version=&#8221;4.27.5&#8243; _module_preset=&#8221;default&#8221; text_font=&#8221;Roboto||||||||&#8221; text_text_color=&#8221;#FFFFFF&#8221; text_font_size=&#8221;1.3em&#8221; global_colors_info=&#8221;{}&#8221;][\/dsm_icon_list_child][dsm_icon_list_child text=&#8221;Podrobne specifikacije sistemov&#8221; font_icon=&#8221;&#xf058;||fa||400&#8243; icon_color=&#8221;#00B6ED&#8221; icon_font_size=&#8221;1.1em&#8221; _builder_version=&#8221;4.27.5&#8243; _module_preset=&#8221;default&#8221; text_font=&#8221;Roboto||||||||&#8221; text_text_color=&#8221;#FFFFFF&#8221; text_font_size=&#8221;1.3em&#8221; global_colors_info=&#8221;{}&#8221;][\/dsm_icon_list_child][\/dsm_icon_list][\/et_pb_column][\/et_pb_row][et_pb_row _builder_version=&#8221;4.27.5&#8243; _module_preset=&#8221;default&#8221; animation_style=&#8221;slide&#8221; animation_direction=&#8221;bottom&#8221; animation_delay=&#8221;800ms&#8221; animation_intensity_slide=&#8221;5%&#8221; global_colors_info=&#8221;{}&#8221;][et_pb_column type=&#8221;4_4&#8243; _builder_version=&#8221;4.27.5&#8243; _module_preset=&#8221;default&#8221; global_colors_info=&#8221;{}&#8221;][dsm_icon_list list_alignment=&#8221;center&#8221; list_space_between=&#8221;0.8em&#8221; _builder_version=&#8221;4.27.5&#8243; _module_preset=&#8221;default&#8221; custom_padding=&#8221;||||false|false&#8221; global_colors_info=&#8221;{}&#8221;][dsm_icon_list_child text=&#8221;Kar si zamislite, to naredimo&#8221; font_icon=&#8221;&#xf058;||fa||400&#8243; icon_color=&#8221;#00B6ED&#8221; icon_font_size=&#8221;1.1em&#8221; _builder_version=&#8221;4.27.5&#8243; _module_preset=&#8221;default&#8221; text_font=&#8221;Roboto||||||||&#8221; text_text_color=&#8221;#FFFFFF&#8221; text_font_size=&#8221;1.3em&#8221; global_colors_info=&#8221;{}&#8221;][\/dsm_icon_list_child][\/dsm_icon_list][\/et_pb_column][\/et_pb_row][et_pb_row _builder_version=&#8221;4.27.5&#8243; _module_preset=&#8221;default&#8221; global_colors_info=&#8221;{}&#8221;][et_pb_column type=&#8221;4_4&#8243; _builder_version=&#8221;4.27.5&#8243; _module_preset=&#8221;default&#8221; global_colors_info=&#8221;{}&#8221;][et_pb_button button_url=&#8221;@ET-DC@eyJkeW5hbWljIjp0cnVlLCJjb250ZW50IjoicG9zdF9saW5rX3VybF9wYWdlIiwic2V0dGluZ3MiOnsicG9zdF9pZCI6IjI3MSJ9fQ==@&#8221; button_text=&#8221;Naro\u010dite posvet&#8221; button_alignment=&#8221;center&#8221; _builder_version=&#8221;4.27.5&#8243; _dynamic_attributes=&#8221;button_url&#8221; _module_preset=&#8221;default&#8221; custom_button=&#8221;on&#8221; button_text_size=&#8221;1.3em&#8221; button_text_color=&#8221;#000000&#8243; button_bg_color=&#8221;#00B6ED&#8221; button_border_width=&#8221;0px&#8221; button_border_radius=&#8221;10px&#8221; button_font=&#8221;Roboto||||||||&#8221; button_use_icon=&#8221;off&#8221; custom_padding=&#8221;0.5em|4em|0.5em|4em|true|true&#8221; global_colors_info=&#8221;{}&#8221;][\/et_pb_button][\/et_pb_column][\/et_pb_row][\/et_pb_section]\n","protected":false},"excerpt":{"rendered":"<p>Poslovne aplikacije po meri Ko splo\u0161ne re\u0161itve ne zado\u0161\u010dajo razvijemo aplikacije, ki podpirajo va\u0161 proces. Od ideje do produkcije.ERP moduli in poslovni sistemiAvtomatizacija delovnega procesaIntegracije z zunanjimi sistemiPortali za kupceKaj ponujamo<div class=\"et_pb_module dsm_icon_list dsm_icon_list_0\">\n\t\t\t\t\n\t\t\t\t\n\t\t\t\t\n\t\t\t\t\n\t\t\t\t\n\t\t\t\t\n\t\t\t\t<div class=\"et_pb_module_inner\">\n\t\t\t\t\t<ul class=\"dsm_icon_list_items dsm_icon_list_rtl_direction dsm_icon_list_layout_vertical\"><\/ul>\n\t\t\t\t<\/div>\n\t\t\t<\/div><li class=\"dsm_icon_list_child dsm_icon_list_child_0\">\n\t\t\t\t\n\t\t\t\t\n\t\t\t\t\n\t\t\t\t\n\t\t\t\t<span class=\"dsm_icon_list_wrapper\"><span class=\"dsm_icon_list_icon\">\uf058<\/span><\/span><span class=\"dsm_icon_list_text\">Web applications<\/span>\n\t\t\t<\/li><li class=\"dsm_icon_list_child dsm_icon_list_child_1\">\n\t\t\t\t\n\t\t\t\t\n\t\t\t\t\n\t\t\t\t\n\t\t\t\t<span class=\"dsm_icon_list_wrapper\"><span class=\"dsm_icon_list_icon\"><\/span><\/span><span class=\"dsm_icon_list_text\">&#8221;Mobilne<\/span>\n\t\t\t<\/li><\/p>","protected":false},"author":1,"featured_media":0,"parent":0,"menu_order":0,"comment_status":"closed","ping_status":"closed","template":"","meta":{"_et_pb_use_builder":"on","_et_pb_old_content":"","_et_gb_content_width":"","inline_featured_image":false,"footnotes":""},"class_list":["post-275","page","type-page","status-publish","hentry"],"aioseo_notices":[],"_links":{"self":[{"href":"https:\/\/nimbis.si\/en\/wp-json\/wp\/v2\/pages\/275","targetHints":{"allow":["GET"]}}],"collection":[{"href":"https:\/\/nimbis.si\/en\/wp-json\/wp\/v2\/pages"}],"about":[{"href":"https:\/\/nimbis.si\/en\/wp-json\/wp\/v2\/types\/page"}],"author":[{"embeddable":true,"href":"https:\/\/nimbis.si\/en\/wp-json\/wp\/v2\/users\/1"}],"replies":[{"embeddable":true,"href":"https:\/\/nimbis.si\/en\/wp-json\/wp\/v2\/comments?post=275"}],"version-history":[{"count":22,"href":"https:\/\/nimbis.si\/en\/wp-json\/wp\/v2\/pages\/275\/revisions"}],"predecessor-version":[{"id":1183,"href":"https:\/\/nimbis.si\/en\/wp-json\/wp\/v2\/pages\/275\/revisions\/1183"}],"wp:attachment":[{"href":"https:\/\/nimbis.si\/en\/wp-json\/wp\/v2\/media?parent=275"}],"curies":[{"name":"wp","href":"https:\/\/api.w.org\/{rel}","templated":true}]}}