{"id":828,"date":"2026-01-16T15:35:54","date_gmt":"2026-01-16T15:35:54","guid":{"rendered":"https:\/\/nimbis.si\/?page_id=828"},"modified":"2026-01-27T09:22:43","modified_gmt":"2026-01-27T09:22:43","slug":"izjava-o-informacijski-varnosti","status":"publish","type":"page","link":"https:\/\/nimbis.si\/en\/izjava-o-informacijski-varnosti\/","title":{"rendered":"Information security declaration"},"content":{"rendered":"<p>[et_pb_section fb_built=&#8221;1&#8243; _builder_version=&#8221;4.27.5&#8243; _module_preset=&#8221;default&#8221; hover_enabled=&#8221;0&#8243; global_colors_info=&#8221;{}&#8221; theme_builder_area=&#8221;post_content&#8221; custom_padding=&#8221;0px|0px|0px|0px|true|true&#8221; custom_margin=&#8221;0px|0px|0px|0px|true|true&#8221; sticky_enabled=&#8221;0&#8243;][et_pb_row _builder_version=&#8221;4.27.5&#8243; _module_preset=&#8221;default&#8221; hover_enabled=&#8221;0&#8243; global_colors_info=&#8221;{}&#8221; theme_builder_area=&#8221;post_content&#8221; custom_padding=&#8221;0px|0px|0px|0px|true|true&#8221; custom_margin=&#8221;0px|0px|0px|0px|true|true&#8221; sticky_enabled=&#8221;0&#8243; width=&#8221;100%&#8221; max_width=&#8221;100%&#8221;][et_pb_column type=&#8221;4_4&#8243; _builder_version=&#8221;4.27.5&#8243; _module_preset=&#8221;default&#8221; hover_enabled=&#8221;0&#8243; global_colors_info=&#8221;{}&#8221; theme_builder_area=&#8221;post_content&#8221; custom_padding=&#8221;0px|0px|0px|0px|true|true&#8221; sticky_enabled=&#8221;0&#8243;][et_pb_text _builder_version=&#8221;4.27.5&#8243; _module_preset=&#8221;default&#8221; custom_margin=&#8221;|0px||0px|false|false&#8221; hover_enabled=&#8221;0&#8243; global_colors_info=&#8221;{}&#8221; theme_builder_area=&#8221;post_content&#8221; sticky_enabled=&#8221;0&#8243; custom_padding=&#8221;|0px||0px|false|true&#8221;]<\/p>\n<p>V okviru na\u0161e misije Nimbis d.o.o. ravna z zaupnimi informacijami o na\u0161ih podpisnikih. Informacije, ki jih hranimo, je treba obravnavati previdno in spo\u0161tljivo, ne glede na to, ali so v fizi\u010dni ali elektronski obliki.<\/p>\n<p>Nimbis d.o.o. ima zakonske, moralne in pogodbene odgovornosti, da zagotovi ustrezno za\u0161\u010dito vseh informacij. Z na\u010drtovanjem varnosti, vzpostavitvijo politik in usposabljanjem lahko za\u0161\u010ditimo informacije, ki jih obdelujemo, pred razli\u010dnimi nara\u0161\u010dajo\u010dimi gro\u017enjami informacijske varnosti.<\/p>\n<p>Varnostni ukrepi, ki so uvedeni za za\u0161\u010dito informacij, morajo ubla\u017eiti gro\u017enje, da prepre\u010dijo \u0161kodo tistim, ki jim pomagamo, in zagotovijo, da lahko \u0161e naprej nudimo prvovrstne storitve.<\/p>\n<p>Podjetje Nimbis d.o.o. je pripravilo vrsto politik, ki nas vodijo pri delovanju po najvi\u0161jih standardih pri zagotavljanju varnosti informacij. Te politike bodo prav tako pomagale pokazati na\u0161im strankam, da delujemo z integriteto in sprejemamo odgovornost za za\u0161\u010dito zaupanih informacij.<\/p>\n<p>Politike temeljijo na naslednjih temeljnih varnostnih na\u010delih:<\/p>\n<ul>\n<li>\n<p><strong>Zaupnost<\/strong> &#8211; Za\u0161\u010dita informacij pred nepoobla\u0161\u010denim razkritjem.<\/p>\n<\/li>\n<li>\n<p><strong>Integriteta<\/strong> &#8211; Za\u0161\u010dita informacij pred nepoobla\u0161\u010denimi ali napa\u010dnimi spremembami.<\/p>\n<\/li>\n<li>\n<p><strong>Razpolo\u017eljivost<\/strong> &#8211; Zagotavljanje, da so informacije in povezane storitve na voljo, ko in kjer so potrebne za izpolnjevanje storitvenih potreb podjetja Nimbis d.o.o..<\/p>\n<\/li>\n<\/ul>\n<p>Politike enako veljajo za vse zaposlene ali pogodbene stranke, ki dostopajo do informacij ali informacijskih sistemov. Podjetje Nimbis d.o.o. bo zagotovilo, da bodo vsi uporabniki prejeli ustrezne politike, do njih enostavno dostopali in razumeli pomen njihovega upo\u0161tevanja.<\/p>\n<p>Politike bodo redno pregledovane in posodabljane, da bodo ustrezale spreminjajo\u010dim se poslovnim zahtevam.<\/p>\n<p>[\/et_pb_text][\/et_pb_column][\/et_pb_row][\/et_pb_section]<\/p>\n","protected":false},"excerpt":{"rendered":"<p>V okviru na\u0161e misije Nimbis d.o.o. ravna z zaupnimi informacijami o na\u0161ih podpisnikih. Informacije, ki jih hranimo, je treba obravnavati previdno in spo\u0161tljivo, ne glede na to, ali so v fizi\u010dni ali elektronski obliki. Nimbis d.o.o. ima zakonske, moralne in pogodbene odgovornosti, da zagotovi ustrezno za\u0161\u010dito vseh informacij. Z na\u010drtovanjem varnosti, vzpostavitvijo politik in usposabljanjem [&hellip;]<\/p>\n","protected":false},"author":1,"featured_media":0,"parent":0,"menu_order":0,"comment_status":"closed","ping_status":"closed","template":"","meta":{"_et_pb_use_builder":"on","_et_pb_old_content":"","_et_gb_content_width":"","inline_featured_image":false,"footnotes":""},"class_list":["post-828","page","type-page","status-publish","hentry"],"aioseo_notices":[],"_links":{"self":[{"href":"https:\/\/nimbis.si\/en\/wp-json\/wp\/v2\/pages\/828","targetHints":{"allow":["GET"]}}],"collection":[{"href":"https:\/\/nimbis.si\/en\/wp-json\/wp\/v2\/pages"}],"about":[{"href":"https:\/\/nimbis.si\/en\/wp-json\/wp\/v2\/types\/page"}],"author":[{"embeddable":true,"href":"https:\/\/nimbis.si\/en\/wp-json\/wp\/v2\/users\/1"}],"replies":[{"embeddable":true,"href":"https:\/\/nimbis.si\/en\/wp-json\/wp\/v2\/comments?post=828"}],"version-history":[{"count":6,"href":"https:\/\/nimbis.si\/en\/wp-json\/wp\/v2\/pages\/828\/revisions"}],"predecessor-version":[{"id":986,"href":"https:\/\/nimbis.si\/en\/wp-json\/wp\/v2\/pages\/828\/revisions\/986"}],"wp:attachment":[{"href":"https:\/\/nimbis.si\/en\/wp-json\/wp\/v2\/media?parent=828"}],"curies":[{"name":"wp","href":"https:\/\/api.w.org\/{rel}","templated":true}]}}